{"id":473,"date":"2019-03-26T16:22:13","date_gmt":"2019-03-26T15:22:13","guid":{"rendered":"https:\/\/fs.kswe.ch\/chem\/?page_id=473"},"modified":"2024-04-18T15:42:58","modified_gmt":"2024-04-18T13:42:58","slug":"chemie-an-der-fachmittelschule","status":"publish","type":"page","link":"https:\/\/fs.kswe.ch\/chem\/chemie-an-der-kswe\/chemie-an-der-fachmittelschule\/","title":{"rendered":"Chemie an der Fachmittelschule"},"content":{"rendered":"<h2 style=\"text-align: center\">Chemie an der Fachmittelschule<\/h2>\n<p>Das\u00a0<em><strong>Grundlagenfach\u00a0Chemie<\/strong><\/em> (<a href=\"https:\/\/fs.kswe.ch\/chem\/wp-content\/uploads\/sites\/11\/2020\/06\/LP-gCH-FMS.pdf\" target=\"_blank\" rel=\"noopener noreferrer\">Lehrplan<\/a>)\u00a0wird an der FMS in den ersten drei Semestern\u00a0mit\u00a0zwei Wochenlektionen unterrichtet.\u00a0Zudem gibt es ein weiteres Semester\u00a0im interdisziplin\u00e4ren Fach <em><strong>Naturwissenschaften<\/strong><\/em> (<a href=\"https:\/\/fs.kswe.ch\/chem\/wp-content\/uploads\/sites\/11\/2020\/06\/LP-NAW-FMS.pdf\" target=\"_blank\" rel=\"noopener noreferrer\">Lehrplan<\/a>).<\/p>\n<p><img fetchpriority=\"high\" decoding=\"async\" class=\"aligncenter size-large wp-image-563\" src=\"https:\/\/fs.kswe.ch\/chem\/wp-content\/uploads\/sites\/11\/2020\/06\/Alexander-700x361.jpg\" alt=\"\" width=\"700\" height=\"361\" srcset=\"https:\/\/fs.kswe.ch\/chem\/wp-content\/uploads\/sites\/11\/2020\/06\/Alexander-700x361.jpg 700w, https:\/\/fs.kswe.ch\/chem\/wp-content\/uploads\/sites\/11\/2020\/06\/Alexander-300x155.jpg 300w, https:\/\/fs.kswe.ch\/chem\/wp-content\/uploads\/sites\/11\/2020\/06\/Alexander-768x397.jpg 768w, https:\/\/fs.kswe.ch\/chem\/wp-content\/uploads\/sites\/11\/2020\/06\/Alexander-581x300.jpg 581w, https:\/\/fs.kswe.ch\/chem\/wp-content\/uploads\/sites\/11\/2020\/06\/Alexander-1800x929.jpg 1800w, https:\/\/fs.kswe.ch\/chem\/wp-content\/uploads\/sites\/11\/2020\/06\/Alexander-1100x568.jpg 1100w\" sizes=\"(max-width: 700px) 100vw, 700px\" \/>Sollten Sie das Berufsfeld Gesundheit gew\u00e4hlt haben, so freuen wir uns, sie auch f\u00fcr die <em><strong>Naturwissenschaften mit Praktikum<\/strong><\/em> (<a href=\"https:\/\/fs.kswe.ch\/chem\/wp-content\/uploads\/sites\/11\/2020\/06\/LP-NAP-FMS.pdf\" target=\"_blank\" rel=\"noopener noreferrer\">Lehrplan<\/a>) in\u00a0Langbau\u00a0begr\u00fcssen\u00a0zu d\u00fcrfen.<\/p>\n<p>Auch die <em><strong>Fachmaturit\u00e4t P\u00e4dagogik<\/strong><\/em> ist mit einem weiteren Semester Chemieunterricht im Langbau vertreten (<a href=\"https:\/\/fs.kswe.ch\/chem\/wp-content\/uploads\/sites\/11\/2020\/06\/LP-CH-F4.pdf\" target=\"_blank\" rel=\"noopener noreferrer\">Lehrplan<\/a>).<\/p>\n<p><img decoding=\"async\" class=\"aligncenter size-large wp-image-559\" src=\"https:\/\/fs.kswe.ch\/chem\/wp-content\/uploads\/sites\/11\/2020\/06\/Claudia-700x397.jpg\" alt=\"\" width=\"700\" height=\"397\" srcset=\"https:\/\/fs.kswe.ch\/chem\/wp-content\/uploads\/sites\/11\/2020\/06\/Claudia-700x397.jpg 700w, https:\/\/fs.kswe.ch\/chem\/wp-content\/uploads\/sites\/11\/2020\/06\/Claudia-300x170.jpg 300w, https:\/\/fs.kswe.ch\/chem\/wp-content\/uploads\/sites\/11\/2020\/06\/Claudia-768x435.jpg 768w, https:\/\/fs.kswe.ch\/chem\/wp-content\/uploads\/sites\/11\/2020\/06\/Claudia-530x300.jpg 530w, https:\/\/fs.kswe.ch\/chem\/wp-content\/uploads\/sites\/11\/2020\/06\/Claudia-1800x1020.jpg 1800w, https:\/\/fs.kswe.ch\/chem\/wp-content\/uploads\/sites\/11\/2020\/06\/Claudia-1100x623.jpg 1100w\" sizes=\"(max-width: 700px) 100vw, 700px\" \/><\/p>\n","protected":false},"excerpt":{"rendered":"<p>Chemie an der Fachmittelschule Das\u00a0Grundlagenfach\u00a0Chemie (Lehrplan)\u00a0wird an der FMS in den ersten drei Semestern\u00a0mit\u00a0zwei Wochenlektionen unterrichtet.\u00a0Zudem gibt es ein weiteres Semester\u00a0im interdisziplin\u00e4ren Fach Naturwissenschaften (Lehrplan). Sollten Sie das Berufsfeld Gesundheit gew\u00e4hlt haben, so freuen wir uns, sie auch f\u00fcr die Naturwissenschaften mit Praktikum (Lehrplan) in\u00a0Langbau\u00a0begr\u00fcssen\u00a0zu&#8230;<\/p>\n","protected":false},"author":12,"featured_media":0,"parent":487,"menu_order":0,"comment_status":"closed","ping_status":"closed","template":"","meta":{"footnotes":""},"class_list":["post-473","page","type-page","status-publish","hentry"],"_links":{"self":[{"href":"https:\/\/fs.kswe.ch\/chem\/wp-json\/wp\/v2\/pages\/473","targetHints":{"allow":["GET"]}}],"collection":[{"href":"https:\/\/fs.kswe.ch\/chem\/wp-json\/wp\/v2\/pages"}],"about":[{"href":"https:\/\/fs.kswe.ch\/chem\/wp-json\/wp\/v2\/types\/page"}],"author":[{"embeddable":true,"href":"https:\/\/fs.kswe.ch\/chem\/wp-json\/wp\/v2\/users\/12"}],"replies":[{"embeddable":true,"href":"https:\/\/fs.kswe.ch\/chem\/wp-json\/wp\/v2\/comments?post=473"}],"version-history":[{"count":10,"href":"https:\/\/fs.kswe.ch\/chem\/wp-json\/wp\/v2\/pages\/473\/revisions"}],"predecessor-version":[{"id":585,"href":"https:\/\/fs.kswe.ch\/chem\/wp-json\/wp\/v2\/pages\/473\/revisions\/585"}],"up":[{"embeddable":true,"href":"https:\/\/fs.kswe.ch\/chem\/wp-json\/wp\/v2\/pages\/487"}],"wp:attachment":[{"href":"https:\/\/fs.kswe.ch\/chem\/wp-json\/wp\/v2\/media?parent=473"}],"curies":[{"name":"wp","href":"https:\/\/api.w.org\/{rel}","templated":true}]}}