{"id":30,"date":"2016-03-01T11:19:48","date_gmt":"2016-03-01T11:19:48","guid":{"rendered":"http:\/\/stockholm2.select-themes.com\/?page_id=30"},"modified":"2022-01-25T10:32:54","modified_gmt":"2022-01-25T09:32:54","slug":"home","status":"publish","type":"page","link":"https:\/\/fs.kswe.ch\/bio\/","title":{"rendered":"Blog"},"content":{"rendered":"<div class=\"wpb-content-wrapper\"><p>[vc_row row_type=&#8220;row&#8220; use_row_as_full_screen_section=&#8220;no&#8220; type=&#8220;full_width&#8220; text_align=&#8220;left&#8220; background_color=&#8220;#e8e8e8&#8243; background_animation=&#8220;none&#8220; css_animation=&#8220;element_from_fade&#8220; transition_delay=&#8220;300&#8243;][vc_column width=&#8220;1\/3&#8243;][vc_column_text]<\/p>\n<h3>Biologieunterricht<\/h3>\n<p><a href=\"https:\/\/fs.kswe.ch\/bio\/lehrpersonen\/\"><img fetchpriority=\"high\" decoding=\"async\" class=\"alignnone wp-image-652\" src=\"https:\/\/fs.kswe.ch\/bio\/wp-content\/uploads\/sites\/10\/2020\/06\/Herzposten_klein-300x169.jpg\" alt=\"\" width=\"400\" height=\"225\" srcset=\"https:\/\/fs.kswe.ch\/bio\/wp-content\/uploads\/sites\/10\/2020\/06\/Herzposten_klein-300x169.jpg 300w, https:\/\/fs.kswe.ch\/bio\/wp-content\/uploads\/sites\/10\/2020\/06\/Herzposten_klein-768x432.jpg 768w, https:\/\/fs.kswe.ch\/bio\/wp-content\/uploads\/sites\/10\/2020\/06\/Herzposten_klein-700x394.jpg 700w, https:\/\/fs.kswe.ch\/bio\/wp-content\/uploads\/sites\/10\/2020\/06\/Herzposten_klein-533x300.jpg 533w, https:\/\/fs.kswe.ch\/bio\/wp-content\/uploads\/sites\/10\/2020\/06\/Herzposten_klein-1800x1012.jpg 1800w, https:\/\/fs.kswe.ch\/bio\/wp-content\/uploads\/sites\/10\/2020\/06\/Herzposten_klein-1100x619.jpg 1100w\" sizes=\"(max-width: 400px) 100vw, 400px\" \/><\/a><\/p>\n<p><a href=\"https:\/\/fs.kswe.ch\/bio\/lehrpersonen\/\">Neun Lehrpersonen und zwei Laborfachkr\u00e4fte<\/a> sind verantwortlich f\u00fcr den <a href=\"https:\/\/fs.kswe.ch\/bio\/bio_an_der_kswe\/\">Biologieunterricht<\/a> an der Kantonsschule Wettingen. Hier finden Sie Informationen zu Grundlagen- und Vertiefungsf\u00e4chern mit biologischem Inhalt am <a href=\"https:\/\/fs.kswe.ch\/bio\/biologie-am-gymnasium\/\">Gymnasium<\/a> und an der <a href=\"https:\/\/fs.kswe.ch\/bio\/biologie-an-der-fachmittelschule\/\">FMS<\/a>. [\/vc_column_text][\/vc_column][vc_column css_animation=&#8220;fadeIn&#8220; width=&#8220;1\/3&#8243;][vc_column_text]<\/p>\n<h3>Praktisches Arbeiten<\/h3>\n<p><img decoding=\"async\" class=\"alignnone wp-image-653\" src=\"https:\/\/fs.kswe.ch\/bio\/wp-content\/uploads\/sites\/10\/2020\/06\/Herzsektion_klein-300x169.jpg\" alt=\"\" width=\"400\" height=\"225\" srcset=\"https:\/\/fs.kswe.ch\/bio\/wp-content\/uploads\/sites\/10\/2020\/06\/Herzsektion_klein-300x169.jpg 300w, https:\/\/fs.kswe.ch\/bio\/wp-content\/uploads\/sites\/10\/2020\/06\/Herzsektion_klein-768x432.jpg 768w, https:\/\/fs.kswe.ch\/bio\/wp-content\/uploads\/sites\/10\/2020\/06\/Herzsektion_klein-700x394.jpg 700w, https:\/\/fs.kswe.ch\/bio\/wp-content\/uploads\/sites\/10\/2020\/06\/Herzsektion_klein-533x300.jpg 533w, https:\/\/fs.kswe.ch\/bio\/wp-content\/uploads\/sites\/10\/2020\/06\/Herzsektion_klein-1800x1013.jpg 1800w, https:\/\/fs.kswe.ch\/bio\/wp-content\/uploads\/sites\/10\/2020\/06\/Herzsektion_klein-1100x619.jpg 1100w\" sizes=\"(max-width: 400px) 100vw, 400px\" \/><\/p>\n<p>Es gibt viele Gelegenheiten f\u00fcr experimentelles Arbeiten in der Biologie. Erfahren Sie mehr \u00fcber <a href=\"https:\/\/fs.kswe.ch\/bio\/klassenprojekte\/\">Projekte<\/a> und <a href=\"https:\/\/fs.kswe.ch\/bio\/maturaarbeit-in-biologie\/\">Maturaarbeiten <\/a>und lassen Sie sich von <a href=\"https:\/\/fs.kswe.ch\/bio\/mikroskopie\/\">Mikroskopiebildern<\/a> inspirieren. Hier finden Sie Informationen zu <a href=\"https:\/\/fs.kswe.ch\/bio\/laborgeraete\/\">Laborger\u00e4ten<\/a> und zum individuellen <a href=\"https:\/\/fs.kswe.ch\/bio\/labor\/\">Arbeiten in den Laborr\u00e4umen<\/a> der Biologie.[\/vc_column_text][\/vc_column][vc_column width=&#8220;1\/3&#8243;][vc_column_text]<\/p>\n<h3>Lust auf mehr Biologie?<\/h3>\n<p><img decoding=\"async\" class=\"alignnone wp-image-651\" src=\"https:\/\/fs.kswe.ch\/bio\/wp-content\/uploads\/sites\/10\/2020\/06\/Mehr_Biologie-300x169.jpg\" alt=\"\" width=\"400\" height=\"225\" srcset=\"https:\/\/fs.kswe.ch\/bio\/wp-content\/uploads\/sites\/10\/2020\/06\/Mehr_Biologie-300x169.jpg 300w, https:\/\/fs.kswe.ch\/bio\/wp-content\/uploads\/sites\/10\/2020\/06\/Mehr_Biologie-768x432.jpg 768w, https:\/\/fs.kswe.ch\/bio\/wp-content\/uploads\/sites\/10\/2020\/06\/Mehr_Biologie-700x394.jpg 700w, https:\/\/fs.kswe.ch\/bio\/wp-content\/uploads\/sites\/10\/2020\/06\/Mehr_Biologie-533x300.jpg 533w, https:\/\/fs.kswe.ch\/bio\/wp-content\/uploads\/sites\/10\/2020\/06\/Mehr_Biologie-1100x619.jpg 1100w, https:\/\/fs.kswe.ch\/bio\/wp-content\/uploads\/sites\/10\/2020\/06\/Mehr_Biologie.jpg 1280w\" sizes=\"(max-width: 400px) 100vw, 400px\" \/><\/p>\n<p>Sie suchen nach ausserschulischen Vertiefungsm\u00f6glichkeiten? <a href=\"https:\/\/fs.kswe.ch\/bio\/wettbewerbe_studienwochen\/\">Hier<\/a>\u00a0finden Sie eine \u00dcbersicht zu aktuellen Wettbewerben (z.B. <a href=\"https:\/\/biology.olympiad.ch\/de\/\">Biologie-Olympiade<\/a>), Studienwochen (z.B. <a href=\"https:\/\/sjf.ch\/studienwochen\/\">Schweizer Jugend Forscht<\/a>, <a href=\"https:\/\/www.weizmann.ch\/int-summer-science-institute\">International Summer Science Institute<\/a> &#8211; Weizmann Institut\/Israel) und weitere M\u00f6glichkeiten.[\/vc_column_text][\/vc_column][\/vc_row][vc_row row_type=&#8220;row&#8220; use_row_as_full_screen_section=&#8220;no&#8220; type=&#8220;full_width&#8220; text_align=&#8220;left&#8220; background_animation=&#8220;none&#8220; css_animation=&#8220;&#8220;][vc_column]<div class=\"lvca-portfolio-wrap lvca-gapless-grid\"><div class=\"lvca-portfolio-header \"><h3 class=\"lvca-heading\">Aktuelles<\/h3><\/div><div id=\"lvca-portfolio-69eb52febf611\" \n                    class=\"lvca-portfolio js-isotope lvca-masonry lvca-grid-container  lvca-grid-desktop-2 lvca-grid-tablet-2 lvca-grid-mobile-1\"\n                    data-gutter=\"25\"\n                    data-tablet_gutter=\"10\"\n                    data-tablet_width=\"800\"\n                    data-mobile_gutter=\"10\"\n                    data-mobile_width=\"480\"\n                    data-isotope-options='{ \"itemSelector\": \".lvca-portfolio-item\", \"layoutMode\": \"masonry\" }'><div data-id=\"id-860\" class=\"lvca-grid-item lvca-portfolio-item  term-1\"><article id=\"post-860\" class=\"post-860 post type-post status-publish format-standard hentry category-allgemein\"><div class=\"lvca-entry-text-wrap  nothumbnail\"><h3 class=\"entry-title\"><a href=\"https:\/\/fs.kswe.ch\/bio\/blog\/2022\/05\/01\/lesetipp-die-reise-unsere-gene-von-johannes-krause-mit-thomas-trappe-propylaeen-2019\/\" title=\"Lesetipp:  Die Reise unsere Gene &#8211; von Johannes Krause mit Thomas Trappe\"  rel=\"bookmark\">Lesetipp:  Die Reise unsere Gene &#8211; von Johannes Krause mit Thomas Trappe<\/a><\/h3><div class=\"entry-summary\">Sp\u00e4testens seit der ISW wissen wir, wie wertvoll und spannend interdisziplin\u00e4res Arbeiten ist. Doch irgendwann werden Sie die vielseitige Gymi-Ausbildung abschliessen und sich f\u00fcr eine Studienrichtung entscheiden. Sollte es Ihnen schwerfallen, sich auf eine Disziplin zu beschr\u00e4nken, dann habe ich beim Lesen die ultimative Studienrichung...<\/div><\/div><\/article><!-- .hentry --><\/div><div data-id=\"id-842\" class=\"lvca-grid-item lvca-portfolio-item  term-1\"><article id=\"post-842\" class=\"post-842 post type-post status-publish format-standard has-post-thumbnail hentry category-allgemein\"><div class=\"lvca-project-image\"><a href=\"https:\/\/fs.kswe.ch\/bio\/blog\/2022\/03\/08\/lesetipp-visuelles-wissen-biologie\/\" ><img loading=\"lazy\" decoding=\"async\" width=\"450\" height=\"544\" src=\"https:\/\/fs.kswe.ch\/bio\/wp-content\/uploads\/sites\/10\/2022\/05\/visuelles_Wissen_Biologie.jpg\" class=\"attachment-large size-large wp-post-image\" alt=\"\" srcset=\"https:\/\/fs.kswe.ch\/bio\/wp-content\/uploads\/sites\/10\/2022\/05\/visuelles_Wissen_Biologie.jpg 450w, https:\/\/fs.kswe.ch\/bio\/wp-content\/uploads\/sites\/10\/2022\/05\/visuelles_Wissen_Biologie-248x300.jpg 248w\" sizes=\"(max-width: 450px) 100vw, 450px\" \/><\/a><\/div><div class=\"lvca-entry-text-wrap \"><h3 class=\"entry-title\"><a href=\"https:\/\/fs.kswe.ch\/bio\/blog\/2022\/03\/08\/lesetipp-visuelles-wissen-biologie\/\" title=\"Lesetipp: Visuelles Wissen Biologie\"  rel=\"bookmark\">Lesetipp: Visuelles Wissen Biologie<\/a><\/h3><div class=\"entry-summary\">Sie h\u00e4tten f\u00fcr die Maturapr\u00fcfung gern einen \u00dcberblick \u00fcber die gesamte Biologie? Oder Ihnen fehlt in den Biolektionen der Fokus auf das wirklich Wesentliche? Dann sind Sie mit diesem Buch bestens bedient. Auf jeweils zwei Seiten wird ein ganzes Thema sinnvoll abgeschlossen. Auszuleihen in der...<\/div><\/div><\/article><!-- .hentry --><\/div><div data-id=\"id-794\" class=\"lvca-grid-item lvca-portfolio-item  term-1\"><article id=\"post-794\" class=\"post-794 post type-post status-publish format-standard has-post-thumbnail hentry category-allgemein\"><div class=\"lvca-project-image\"><a href=\"https:\/\/fs.kswe.ch\/bio\/blog\/2022\/01\/25\/https-intranet-kswe-ch-news-article-3471\/\" ><img loading=\"lazy\" decoding=\"async\" width=\"700\" height=\"255\" src=\"https:\/\/fs.kswe.ch\/bio\/wp-content\/uploads\/sites\/10\/2022\/01\/chemie_materialwissenschaft-1920x700-1-700x255.jpg\" class=\"attachment-large size-large wp-post-image\" alt=\"\" srcset=\"https:\/\/fs.kswe.ch\/bio\/wp-content\/uploads\/sites\/10\/2022\/01\/chemie_materialwissenschaft-1920x700-1-700x255.jpg 700w, https:\/\/fs.kswe.ch\/bio\/wp-content\/uploads\/sites\/10\/2022\/01\/chemie_materialwissenschaft-1920x700-1-300x109.jpg 300w, https:\/\/fs.kswe.ch\/bio\/wp-content\/uploads\/sites\/10\/2022\/01\/chemie_materialwissenschaft-1920x700-1-768x280.jpg 768w, https:\/\/fs.kswe.ch\/bio\/wp-content\/uploads\/sites\/10\/2022\/01\/chemie_materialwissenschaft-1920x700-1-1536x560.jpg 1536w, https:\/\/fs.kswe.ch\/bio\/wp-content\/uploads\/sites\/10\/2022\/01\/chemie_materialwissenschaft-1920x700-1-1100x401.jpg 1100w, https:\/\/fs.kswe.ch\/bio\/wp-content\/uploads\/sites\/10\/2022\/01\/chemie_materialwissenschaft-1920x700-1-626x228.jpg 626w, https:\/\/fs.kswe.ch\/bio\/wp-content\/uploads\/sites\/10\/2022\/01\/chemie_materialwissenschaft-1920x700-1-1800x656.jpg 1800w, https:\/\/fs.kswe.ch\/bio\/wp-content\/uploads\/sites\/10\/2022\/01\/chemie_materialwissenschaft-1920x700-1.jpg 1920w\" sizes=\"(max-width: 700px) 100vw, 700px\" \/><\/a><\/div><div class=\"lvca-entry-text-wrap \"><h3 class=\"entry-title\"><a href=\"https:\/\/fs.kswe.ch\/bio\/blog\/2022\/01\/25\/https-intranet-kswe-ch-news-article-3471\/\" title=\"Dank mehreren Corona-Impfstoffen hat Covid-19 einiges von seinem Schrecken verloren\"  rel=\"bookmark\">Dank mehreren Corona-Impfstoffen hat Covid-19 einiges von seinem Schrecken verloren<\/a><\/h3><div class=\"entry-summary\">&nbsp; &nbsp;<\/div><\/div><\/article><!-- .hentry --><\/div><div data-id=\"id-763\" class=\"lvca-grid-item lvca-portfolio-item  term-1\"><article id=\"post-763\" class=\"post-763 post type-post status-publish format-standard has-post-thumbnail hentry category-allgemein\"><div class=\"lvca-project-image\"><a href=\"https:\/\/fs.kswe.ch\/bio\/blog\/2022\/01\/03\/https-intranet-kswe-ch-content-documents-temporary-ausschreibungsflyer_cm_2022_de-pdf\/\" ><img loading=\"lazy\" decoding=\"async\" width=\"700\" height=\"467\" src=\"https:\/\/fs.kswe.ch\/bio\/wp-content\/uploads\/sites\/10\/2022\/01\/SJF_GenevaTeam2016_053-1200x800-1-700x467.jpg\" class=\"attachment-large size-large wp-post-image\" alt=\"\" srcset=\"https:\/\/fs.kswe.ch\/bio\/wp-content\/uploads\/sites\/10\/2022\/01\/SJF_GenevaTeam2016_053-1200x800-1-700x467.jpg 700w, https:\/\/fs.kswe.ch\/bio\/wp-content\/uploads\/sites\/10\/2022\/01\/SJF_GenevaTeam2016_053-1200x800-1-300x200.jpg 300w, https:\/\/fs.kswe.ch\/bio\/wp-content\/uploads\/sites\/10\/2022\/01\/SJF_GenevaTeam2016_053-1200x800-1-768x512.jpg 768w, https:\/\/fs.kswe.ch\/bio\/wp-content\/uploads\/sites\/10\/2022\/01\/SJF_GenevaTeam2016_053-1200x800-1-1100x733.jpg 1100w, https:\/\/fs.kswe.ch\/bio\/wp-content\/uploads\/sites\/10\/2022\/01\/SJF_GenevaTeam2016_053-1200x800-1-450x300.jpg 450w, https:\/\/fs.kswe.ch\/bio\/wp-content\/uploads\/sites\/10\/2022\/01\/SJF_GenevaTeam2016_053-1200x800-1.jpg 1200w\" sizes=\"(max-width: 700px) 100vw, 700px\" \/><\/a><\/div><div class=\"lvca-entry-text-wrap \"><h3 class=\"entry-title\"><a href=\"https:\/\/fs.kswe.ch\/bio\/blog\/2022\/01\/03\/https-intranet-kswe-ch-content-documents-temporary-ausschreibungsflyer_cm_2022_de-pdf\/\" title=\"Studienwochen mit Schweizer Jugend forscht\"  rel=\"bookmark\">Studienwochen mit Schweizer Jugend forscht<\/a><\/h3><div class=\"entry-summary\">Es gibt f\u00fcr jeden Geschmack die richtige Studienwoche Motivierte Sch\u00fclerinnen und Sch\u00fcler erhalten die einmalige Gelegenheit, an einer Universit\u00e4t oder einem Pharmaunternehmen ein eigenes Forschungsprojekt durchzuf\u00fchren und werden von Experten vor Ort begleitet und unterst\u00fctzt. Die Teilnehmenden k\u00f6nnen in dieser Studienwoche von \u00bbSchweizer Jugend forscht\u00ab...<\/div><\/div><\/article><!-- .hentry --><\/div><div data-id=\"id-805\" class=\"lvca-grid-item lvca-portfolio-item  term-1\"><article id=\"post-805\" class=\"post-805 post type-post status-publish format-standard hentry category-allgemein\"><div class=\"lvca-entry-text-wrap  nothumbnail\"><h3 class=\"entry-title\"><a href=\"https:\/\/fs.kswe.ch\/bio\/blog\/2020\/10\/25\/lesetipp-das-evangelium-der-aale-von-patrick-svensson-hanser-verlag-2020\/\" title=\"Lesetipp:  Das Evangelium der Aale von Patrick Svensson\"  rel=\"bookmark\">Lesetipp:  Das Evangelium der Aale von Patrick Svensson<\/a><\/h3><div class=\"entry-summary\">Kennen Sie das Gef\u00fchl, wenn man von einer Sache so sehr befremdet ist, dass sie schon wieder interessant wird? So ging es mir, als ich das Buch mit dem Titel Das Evangelium der Aale in der Hand hielt. Aale sind absolut nicht meine Lieblingstiere und...<\/div><\/div><\/article><!-- .hentry --><\/div><div data-id=\"id-773\" class=\"lvca-grid-item lvca-portfolio-item  term-1\"><article id=\"post-773\" class=\"post-773 post type-post status-publish format-standard has-post-thumbnail hentry category-allgemein\"><div class=\"lvca-project-image\"><a href=\"https:\/\/fs.kswe.ch\/bio\/blog\/2021\/12\/12\/aktuelles-aus-der-forschung-und-kuriositaetenkabinett\/\" ><img loading=\"lazy\" decoding=\"async\" width=\"700\" height=\"1244\" src=\"https:\/\/fs.kswe.ch\/bio\/wp-content\/uploads\/sites\/10\/2020\/07\/20190123_153755-700x1244.jpg\" class=\"attachment-large size-large wp-post-image\" alt=\"\" srcset=\"https:\/\/fs.kswe.ch\/bio\/wp-content\/uploads\/sites\/10\/2020\/07\/20190123_153755-700x1244.jpg 700w, https:\/\/fs.kswe.ch\/bio\/wp-content\/uploads\/sites\/10\/2020\/07\/20190123_153755-169x300.jpg 169w, https:\/\/fs.kswe.ch\/bio\/wp-content\/uploads\/sites\/10\/2020\/07\/20190123_153755-768x1365.jpg 768w, https:\/\/fs.kswe.ch\/bio\/wp-content\/uploads\/sites\/10\/2020\/07\/20190123_153755-864x1536.jpg 864w, https:\/\/fs.kswe.ch\/bio\/wp-content\/uploads\/sites\/10\/2020\/07\/20190123_153755-1152x2048.jpg 1152w, https:\/\/fs.kswe.ch\/bio\/wp-content\/uploads\/sites\/10\/2020\/07\/20190123_153755-1100x1956.jpg 1100w, https:\/\/fs.kswe.ch\/bio\/wp-content\/uploads\/sites\/10\/2020\/07\/20190123_153755-1350x2400.jpg 1350w, https:\/\/fs.kswe.ch\/bio\/wp-content\/uploads\/sites\/10\/2020\/07\/20190123_153755-scaled-e1643116869251.jpg 440w\" sizes=\"(max-width: 700px) 100vw, 700px\" \/><\/a><\/div><div class=\"lvca-entry-text-wrap \"><h3 class=\"entry-title\"><a href=\"https:\/\/fs.kswe.ch\/bio\/blog\/2021\/12\/12\/aktuelles-aus-der-forschung-und-kuriositaetenkabinett\/\" title=\"Aktuelles aus der Forschung und Kuriosit\u00e4tenkabinett\"  rel=\"bookmark\">Aktuelles aus der Forschung und Kuriosit\u00e4tenkabinett<\/a><\/h3><div class=\"entry-summary\">Hier finden Sie Erstaunliches aus der Welt der Biologie und Medizin. Nach f\u00fcnf Jahren im Einsatz: Minensuch-Ratte Magawa geht in Kambodscha in Rente 71 Landminen und 38 weitere nicht explodierte Sprengk\u00f6rper hat die Riesenhamsterratte Magawa in Kambodscha erschn\u00fcffelt und wurde daf\u00fcr sogar mit einem Orden...<\/div><\/div><\/article><!-- .hentry --><\/div><\/div><!-- .lvca-portfolio --><\/div><!-- .lvca-portfolio-wrap -->[\/vc_column][\/vc_row]<\/p>\n<\/div>","protected":false},"excerpt":{"rendered":"<p>[vc_row row_type=&#8220;row&#8220; use_row_as_full_screen_section=&#8220;no&#8220; type=&#8220;full_width&#8220; text_align=&#8220;left&#8220; background_color=&#8220;#e8e8e8&#8243; background_animation=&#8220;none&#8220; css_animation=&#8220;element_from_fade&#8220; transition_delay=&#8220;300&#8243;][vc_column width=&#8220;1\/3&#8243;][vc_column_text] Biologieunterricht Neun Lehrpersonen und zwei Laborfachkr\u00e4fte sind verantwortlich f\u00fcr den Biologieunterricht an der Kantonsschule Wettingen. Hier finden Sie Informationen zu Grundlagen- und Vertiefungsf\u00e4chern mit biologischem Inhalt am Gymnasium und an der FMS. [\/vc_column_text][\/vc_column][vc_column css_animation=&#8220;fadeIn&#8220; width=&#8220;1\/3&#8243;][vc_column_text]&#8230;<\/p>\n","protected":false},"author":2,"featured_media":0,"parent":0,"menu_order":0,"comment_status":"closed","ping_status":"closed","template":"","meta":{"footnotes":""},"class_list":["post-30","page","type-page","status-publish","hentry"],"_links":{"self":[{"href":"https:\/\/fs.kswe.ch\/bio\/wp-json\/wp\/v2\/pages\/30","targetHints":{"allow":["GET"]}}],"collection":[{"href":"https:\/\/fs.kswe.ch\/bio\/wp-json\/wp\/v2\/pages"}],"about":[{"href":"https:\/\/fs.kswe.ch\/bio\/wp-json\/wp\/v2\/types\/page"}],"author":[{"embeddable":true,"href":"https:\/\/fs.kswe.ch\/bio\/wp-json\/wp\/v2\/users\/2"}],"replies":[{"embeddable":true,"href":"https:\/\/fs.kswe.ch\/bio\/wp-json\/wp\/v2\/comments?post=30"}],"version-history":[{"count":49,"href":"https:\/\/fs.kswe.ch\/bio\/wp-json\/wp\/v2\/pages\/30\/revisions"}],"predecessor-version":[{"id":823,"href":"https:\/\/fs.kswe.ch\/bio\/wp-json\/wp\/v2\/pages\/30\/revisions\/823"}],"wp:attachment":[{"href":"https:\/\/fs.kswe.ch\/bio\/wp-json\/wp\/v2\/media?parent=30"}],"curies":[{"name":"wp","href":"https:\/\/api.w.org\/{rel}","templated":true}]}}