{"id":292,"date":"2018-11-29T10:27:13","date_gmt":"2018-11-29T09:27:13","guid":{"rendered":"http:\/\/ins.fs.kswe.ch\/?page_id=292"},"modified":"2020-10-25T21:07:19","modified_gmt":"2020-10-25T20:07:19","slug":"kulturelle-events","status":"publish","type":"page","link":"https:\/\/fs.kswe.ch\/bio\/kulturelle-events\/","title":{"rendered":"News aus der Forschung und Kuriosit\u00e4tenkabinett"},"content":{"rendered":"<h3>Schweizer Start-up sagt Styropor den Kampf an \u2013 mit Pilzen<\/h3>\n<p>Das Ziel des Start-Ups: Verpackungsmaterial auf Basis von Pilzen industriell und damit massentauglich zu produzieren.<\/p>\n<p><a href=\"https:\/\/www.srf.ch\/news\/schweiz\/plastik-in-der-umwelt-schweizer-start-up-sagt-styropor-den-kampf-an-mit-pilzen\" target=\"_blank\" rel=\"noopener noreferrer\">Hier geht&#8217;s zum Artikel.<\/a><\/p>\n<p>Publiziert: 19.10.2020 | Quelle: SRF \/ Regionaljournal Basel Baselland<\/p>\n<p>&nbsp;<\/p>\n<h3>Stammzellen und Nerven interagieren bei der Geweberegeneration und Krebsentwicklung<\/h3>\n<p><a href=\"https:\/\/www.media.uzh.ch\/de\/medienmitteilungen\/2020\/Nervenwachstum.html\" target=\"_blank\" rel=\"noopener noreferrer\">Hier geht&#8217;s zum Artikel.<\/a><\/p>\n<p>Publiziert: 23.03.2020 | Quelle: Universit\u00e4t Z\u00fcrich<\/p>\n<p>&nbsp;<\/p>\n<h3>F\u00fcsse weg vom Armaturenbrett!<\/h3>\n<p>Weil sie ihre F\u00fcsse w\u00e4hrend der Fahrt auf dem Armaturenbrett hatte, wurde ihre H\u00fcfte beim Aufprall zerschmettert.<\/p>\n<p><a href=\"https:\/\/www.blick.ch\/news\/ausland\/fuesse-weg-vom-armaturenbrett-huefte-der-beifahrerin-bei-autounfall-zerschmettert-id15718622.html\" target=\"_blank\" rel=\"noopener noreferrer\">Hier geht&#8217;s zum Artikel.<\/a><\/p>\n<p>Publiziert: 26.01.2020, 13:44 Uhr | Zuletzt aktualisiert: 27.01.2020, 12:33 Uhr Quelle: Blick<\/p>\n<p>&nbsp;<\/p>\n<p>&nbsp;<\/p>\n<p style=\"text-align: start\">\n","protected":false},"excerpt":{"rendered":"<p>Schweizer Start-up sagt Styropor den Kampf an \u2013 mit Pilzen Das Ziel des Start-Ups: Verpackungsmaterial auf Basis von Pilzen industriell und damit massentauglich zu produzieren. Hier geht&#8217;s zum Artikel. Publiziert: 19.10.2020 | Quelle: SRF \/ Regionaljournal Basel Baselland &nbsp; Stammzellen und Nerven interagieren bei der&#8230;<\/p>\n","protected":false},"author":2,"featured_media":0,"parent":0,"menu_order":0,"comment_status":"closed","ping_status":"closed","template":"","meta":{"footnotes":""},"class_list":["post-292","page","type-page","status-publish","hentry"],"_links":{"self":[{"href":"https:\/\/fs.kswe.ch\/bio\/wp-json\/wp\/v2\/pages\/292","targetHints":{"allow":["GET"]}}],"collection":[{"href":"https:\/\/fs.kswe.ch\/bio\/wp-json\/wp\/v2\/pages"}],"about":[{"href":"https:\/\/fs.kswe.ch\/bio\/wp-json\/wp\/v2\/types\/page"}],"author":[{"embeddable":true,"href":"https:\/\/fs.kswe.ch\/bio\/wp-json\/wp\/v2\/users\/2"}],"replies":[{"embeddable":true,"href":"https:\/\/fs.kswe.ch\/bio\/wp-json\/wp\/v2\/comments?post=292"}],"version-history":[{"count":10,"href":"https:\/\/fs.kswe.ch\/bio\/wp-json\/wp\/v2\/pages\/292\/revisions"}],"predecessor-version":[{"id":811,"href":"https:\/\/fs.kswe.ch\/bio\/wp-json\/wp\/v2\/pages\/292\/revisions\/811"}],"wp:attachment":[{"href":"https:\/\/fs.kswe.ch\/bio\/wp-json\/wp\/v2\/media?parent=292"}],"curies":[{"name":"wp","href":"https:\/\/api.w.org\/{rel}","templated":true}]}}