{"id":288,"date":"2018-11-29T10:26:11","date_gmt":"2018-11-29T09:26:11","guid":{"rendered":"http:\/\/ins.fs.kswe.ch\/?page_id=288"},"modified":"2020-06-17T08:00:07","modified_gmt":"2020-06-17T06:00:07","slug":"klassenprojekte","status":"publish","type":"page","link":"https:\/\/fs.kswe.ch\/bio\/klassenprojekte\/","title":{"rendered":"Projekte"},"content":{"rendered":"<div class=\"header-image\">\n<h1>Projekte<\/h1>\n<h2>Klimagarten 2085 an der KSWE &#8211; Eine Simulation des zuk\u00fcnftigen Klimas in der Nordwestschweiz<\/h2>\n<p>Berechnungen der ETH Z\u00fcrich und von Meteo Schweiz prognostizieren je nach Szenarium zuk\u00fcnftiger globaler Treibhausgasemissionen f\u00fcr das Jahr 2085 in der Nordwestschweiz eine um 1.5 bis 5 Grad Celsius h\u00f6here Durchschnittstemperatur und deutlich trockenere Bedingungen als heute (2019). Was bedeutet dies f\u00fcr Kulturpflanzen der Land- und Forstwirtschaft? Dazu haben wir zwei Treibh\u00e4user eingerichtet, welche diese klimatischen Unterschiede simulieren. Sch\u00fclerinnen und Sch\u00fcler der 3. Klasse untersuchen im Fr\u00fchlingssemester, wie sich verschiedene Kulturpflanzen unter diesen Bedingungen entwickeln.<\/p>\n<p>&nbsp;<\/p>\n<p><a href=\"https:\/\/fs.kswe.ch\/bio\/wp-content\/uploads\/sites\/10\/2020\/05\/Klimagarten-2085-an-der-Kantonsschule-Wettingen.pdf\" target=\"_blank\" rel=\"noopener noreferrer\">Ein Bericht zum Projekt Klimagarten 2085 im Jahr 2019 findet sich hier<\/a><\/p>\n<p>&nbsp;<\/p>\n<p><img fetchpriority=\"high\" decoding=\"async\" class=\"alignleft wp-image-620 size-large\" src=\"https:\/\/fs.kswe.ch\/bio\/wp-content\/uploads\/sites\/10\/2020\/05\/Illustration_Klimagarten_Wettingen2019-700x394.jpg\" alt=\"\" width=\"700\" height=\"394\" srcset=\"https:\/\/fs.kswe.ch\/bio\/wp-content\/uploads\/sites\/10\/2020\/05\/Illustration_Klimagarten_Wettingen2019-700x394.jpg 700w, https:\/\/fs.kswe.ch\/bio\/wp-content\/uploads\/sites\/10\/2020\/05\/Illustration_Klimagarten_Wettingen2019-300x169.jpg 300w, https:\/\/fs.kswe.ch\/bio\/wp-content\/uploads\/sites\/10\/2020\/05\/Illustration_Klimagarten_Wettingen2019-768x432.jpg 768w, https:\/\/fs.kswe.ch\/bio\/wp-content\/uploads\/sites\/10\/2020\/05\/Illustration_Klimagarten_Wettingen2019-533x300.jpg 533w, https:\/\/fs.kswe.ch\/bio\/wp-content\/uploads\/sites\/10\/2020\/05\/Illustration_Klimagarten_Wettingen2019-1100x619.jpg 1100w, https:\/\/fs.kswe.ch\/bio\/wp-content\/uploads\/sites\/10\/2020\/05\/Illustration_Klimagarten_Wettingen2019.jpg 1280w\" sizes=\"(max-width: 700px) 100vw, 700px\" \/><\/p>\n<\/div>\n<p>&nbsp;<\/p>\n<p>&nbsp;<\/p>\n<div class=\"header-image\">\n<p>&nbsp;<\/p>\n<p>&nbsp;<\/p>\n<p>&nbsp;<\/p>\n<p>&nbsp;<\/p>\n<p>&nbsp;<\/p>\n<p>&nbsp;<\/p>\n<p>&nbsp;<\/p>\n<p>&nbsp;<\/p>\n<p>&nbsp;<\/p>\n<p><img decoding=\"async\" class=\"alignnone wp-image-621 size-large\" src=\"https:\/\/fs.kswe.ch\/bio\/wp-content\/uploads\/sites\/10\/2020\/05\/Temperatur_Klimagarten_mittel-700x303.jpg\" alt=\"\" width=\"700\" height=\"303\" srcset=\"https:\/\/fs.kswe.ch\/bio\/wp-content\/uploads\/sites\/10\/2020\/05\/Temperatur_Klimagarten_mittel-700x303.jpg 700w, https:\/\/fs.kswe.ch\/bio\/wp-content\/uploads\/sites\/10\/2020\/05\/Temperatur_Klimagarten_mittel-300x130.jpg 300w, https:\/\/fs.kswe.ch\/bio\/wp-content\/uploads\/sites\/10\/2020\/05\/Temperatur_Klimagarten_mittel-768x332.jpg 768w, https:\/\/fs.kswe.ch\/bio\/wp-content\/uploads\/sites\/10\/2020\/05\/Temperatur_Klimagarten_mittel-626x271.jpg 626w, https:\/\/fs.kswe.ch\/bio\/wp-content\/uploads\/sites\/10\/2020\/05\/Temperatur_Klimagarten_mittel-1800x779.jpg 1800w, https:\/\/fs.kswe.ch\/bio\/wp-content\/uploads\/sites\/10\/2020\/05\/Temperatur_Klimagarten_mittel-1100x476.jpg 1100w\" sizes=\"(max-width: 700px) 100vw, 700px\" \/><\/p>\n<p>&nbsp;<\/p>\n<\/div>\n","protected":false},"excerpt":{"rendered":"<p>Projekte Klimagarten 2085 an der KSWE &#8211; Eine Simulation des zuk\u00fcnftigen Klimas in der Nordwestschweiz Berechnungen der ETH Z\u00fcrich und von Meteo Schweiz prognostizieren je nach Szenarium zuk\u00fcnftiger globaler Treibhausgasemissionen f\u00fcr das Jahr 2085 in der Nordwestschweiz eine um 1.5 bis 5 Grad Celsius h\u00f6here&#8230;<\/p>\n","protected":false},"author":2,"featured_media":0,"parent":0,"menu_order":0,"comment_status":"closed","ping_status":"closed","template":"","meta":{"footnotes":""},"class_list":["post-288","page","type-page","status-publish","hentry"],"_links":{"self":[{"href":"https:\/\/fs.kswe.ch\/bio\/wp-json\/wp\/v2\/pages\/288","targetHints":{"allow":["GET"]}}],"collection":[{"href":"https:\/\/fs.kswe.ch\/bio\/wp-json\/wp\/v2\/pages"}],"about":[{"href":"https:\/\/fs.kswe.ch\/bio\/wp-json\/wp\/v2\/types\/page"}],"author":[{"embeddable":true,"href":"https:\/\/fs.kswe.ch\/bio\/wp-json\/wp\/v2\/users\/2"}],"replies":[{"embeddable":true,"href":"https:\/\/fs.kswe.ch\/bio\/wp-json\/wp\/v2\/comments?post=288"}],"version-history":[{"count":12,"href":"https:\/\/fs.kswe.ch\/bio\/wp-json\/wp\/v2\/pages\/288\/revisions"}],"predecessor-version":[{"id":712,"href":"https:\/\/fs.kswe.ch\/bio\/wp-json\/wp\/v2\/pages\/288\/revisions\/712"}],"wp:attachment":[{"href":"https:\/\/fs.kswe.ch\/bio\/wp-json\/wp\/v2\/media?parent=288"}],"curies":[{"name":"wp","href":"https:\/\/api.w.org\/{rel}","templated":true}]}}