{"id":284,"date":"2018-11-29T10:23:47","date_gmt":"2018-11-29T09:23:47","guid":{"rendered":"http:\/\/ins.fs.kswe.ch\/?page_id=284"},"modified":"2022-01-25T13:52:12","modified_gmt":"2022-01-25T12:52:12","slug":"labor","status":"publish","type":"page","link":"https:\/\/fs.kswe.ch\/bio\/labor\/","title":{"rendered":"Arbeiten im Labor"},"content":{"rendered":"<h1>Arbeiten im Labor<\/h1>\n<p><img fetchpriority=\"high\" decoding=\"async\" class=\"size-medium wp-image-747 alignleft\" src=\"https:\/\/fs.kswe.ch\/bio\/wp-content\/uploads\/sites\/10\/2020\/06\/S209-300x199.jpg\" alt=\"\" width=\"300\" height=\"199\" srcset=\"https:\/\/fs.kswe.ch\/bio\/wp-content\/uploads\/sites\/10\/2020\/06\/S209-300x199.jpg 300w, https:\/\/fs.kswe.ch\/bio\/wp-content\/uploads\/sites\/10\/2020\/06\/S209-768x511.jpg 768w, https:\/\/fs.kswe.ch\/bio\/wp-content\/uploads\/sites\/10\/2020\/06\/S209-700x465.jpg 700w, https:\/\/fs.kswe.ch\/bio\/wp-content\/uploads\/sites\/10\/2020\/06\/S209-451x300.jpg 451w, https:\/\/fs.kswe.ch\/bio\/wp-content\/uploads\/sites\/10\/2020\/06\/S209-1800x1197.jpg 1800w, https:\/\/fs.kswe.ch\/bio\/wp-content\/uploads\/sites\/10\/2020\/06\/S209-1100x731.jpg 1100w\" sizes=\"(max-width: 300px) 100vw, 300px\" \/>Die Biologie verf\u00fcgt \u00fcber drei kleine Laborr\u00e4ume im 2. Stock der Spinnerei:<\/p>\n<p><strong>S210<\/strong>: Sch\u00fclerinnen und Sch\u00fcler, welche an betreuten Projekten (AETNA, Maturaarbeiten, internal assessments, Projekte im Grundlagenfach&#8230;) arbeiten, haben hier freien Zutritt. Experimentelle Ans\u00e4tze k\u00f6nnen hier installiert werden. R\u00e4umen Sie Ihren Arbeitsplatz nach der Arbeit immer sauber auf und reinigen und versorgen Sie das gebrauchte Material.<\/p>\n<p><strong>S209<\/strong>: Dieser Raum ist f\u00fcr die Herstellung steriler Medien und L\u00f6sungen, molekularbiologische Experimente und Fluoreszenzmikroskopie eingerichtet. Nach Bewilligung und Einf\u00fchrung durch eine Lehrperson oder Laborfachkraft d\u00fcrfen Sch\u00fclerinnen und Sch\u00fcler entsprechende Versuche in diesem Raum vorbereiten oder durchf\u00fchren. Die Ger\u00e4te in diesem Raum sind heikel und k\u00f6nnen bei falscher Benutzung teilweise zu gesundheitlichen Sch\u00e4den f\u00fchren (z.B. UV-Licht!). Deshalb ist f\u00fcr jedes Ger\u00e4t eine Einf\u00fchrung durch eine Laborfachkraft oder Lehrperson zwingend! Dieser Raum dient auch der Vorbereitung von Experimenten f\u00fcr den Unterricht. Nehmen Sie bitte R\u00fccksicht! R\u00e4umen Sie Ihren Arbeitsplatz nach der Arbeit immer sauber auf und reinigen und versorgen Sie das gebrauchte Material.<\/p>\n<p><strong>S208<\/strong>: Zutritt haben nur Laborfachkr\u00e4fte und Biologie-Lehrpersonen. Hier befinden sich mehrere Inkubatoren und der Autoklav. Wenn Sie eines dieser Ger\u00e4te brauchen und in diesen Raum m\u00f6chten, muss dies von einer Laborfachkraft oder Lehrperson bewilligt werden. Den Autoklaven d\u00fcrfen Sie nicht ohne gr\u00fcndliche Einf\u00fchrung benutzen.<\/p>\n","protected":false},"excerpt":{"rendered":"<p>Arbeiten im Labor Die Biologie verf\u00fcgt \u00fcber drei kleine Laborr\u00e4ume im 2. Stock der Spinnerei: S210: Sch\u00fclerinnen und Sch\u00fcler, welche an betreuten Projekten (AETNA, Maturaarbeiten, internal assessments, Projekte im Grundlagenfach&#8230;) arbeiten, haben hier freien Zutritt. Experimentelle Ans\u00e4tze k\u00f6nnen hier installiert werden. R\u00e4umen Sie Ihren Arbeitsplatz&#8230;<\/p>\n","protected":false},"author":2,"featured_media":0,"parent":0,"menu_order":0,"comment_status":"closed","ping_status":"closed","template":"","meta":{"footnotes":""},"class_list":["post-284","page","type-page","status-publish","hentry"],"_links":{"self":[{"href":"https:\/\/fs.kswe.ch\/bio\/wp-json\/wp\/v2\/pages\/284","targetHints":{"allow":["GET"]}}],"collection":[{"href":"https:\/\/fs.kswe.ch\/bio\/wp-json\/wp\/v2\/pages"}],"about":[{"href":"https:\/\/fs.kswe.ch\/bio\/wp-json\/wp\/v2\/types\/page"}],"author":[{"embeddable":true,"href":"https:\/\/fs.kswe.ch\/bio\/wp-json\/wp\/v2\/users\/2"}],"replies":[{"embeddable":true,"href":"https:\/\/fs.kswe.ch\/bio\/wp-json\/wp\/v2\/comments?post=284"}],"version-history":[{"count":20,"href":"https:\/\/fs.kswe.ch\/bio\/wp-json\/wp\/v2\/pages\/284\/revisions"}],"predecessor-version":[{"id":830,"href":"https:\/\/fs.kswe.ch\/bio\/wp-json\/wp\/v2\/pages\/284\/revisions\/830"}],"wp:attachment":[{"href":"https:\/\/fs.kswe.ch\/bio\/wp-json\/wp\/v2\/media?parent=284"}],"curies":[{"name":"wp","href":"https:\/\/api.w.org\/{rel}","templated":true}]}}