{"id":282,"date":"2018-11-29T10:22:51","date_gmt":"2018-11-29T09:22:51","guid":{"rendered":"http:\/\/ins.fs.kswe.ch\/?page_id=282"},"modified":"2022-01-25T13:54:05","modified_gmt":"2022-01-25T12:54:05","slug":"laborgeraete","status":"publish","type":"page","link":"https:\/\/fs.kswe.ch\/bio\/laborgeraete\/","title":{"rendered":"Laborger\u00e4te an der KSWE"},"content":{"rendered":"<h1>Laborger\u00e4te an der KSWE<\/h1>\n<p>F\u00fcr Projektarbeiten, Maturaarbeiten und Unterricht stehen in den Laborr\u00e4umlichkeiten der Biologie (Spinnerei, 2. Stock) nach Absprache mit einer Biologie-Lehrperson oder Laborfachkraft verschiedene und zum Teil recht spezielle Ger\u00e4te zur Verf\u00fcgung. Hier finden Sie Informationen und Anweisungen zum Gebrauch:<\/p>\n<h3>Fluoreszenzmikroskop &#8211; Olympus Vanox<\/h3>\n<p><a href=\"https:\/\/fs.kswe.ch\/bio\/wp-content\/uploads\/sites\/10\/2020\/05\/Anleitung-Olympus-Vanox.pdf\"><img fetchpriority=\"high\" decoding=\"async\" class=\"size-medium wp-image-629 alignright\" src=\"https:\/\/fs.kswe.ch\/bio\/wp-content\/uploads\/sites\/10\/2020\/05\/Olympus-Vanox-295x300.jpg\" alt=\"\" width=\"295\" height=\"300\" srcset=\"https:\/\/fs.kswe.ch\/bio\/wp-content\/uploads\/sites\/10\/2020\/05\/Olympus-Vanox-295x300.jpg 295w, https:\/\/fs.kswe.ch\/bio\/wp-content\/uploads\/sites\/10\/2020\/05\/Olympus-Vanox.jpg 549w\" sizes=\"(max-width: 295px) 100vw, 295px\" \/><\/a>Das Olympus Vanox kann f\u00fcr Lichtmikroskopie, Phasenkontrast und Fluoreszenzmikroskopie genutzt werden. Der Adapter f\u00fcr Spiegelreflexkameras der Marke Canon erm\u00f6glicht Fotografien in ausgezeichneter Qualit\u00e4t. \u00dcber einen Mini-HDMI-Anschluss kann das Mikroskop via Kamera mit einem separaten Monitor verbunden werden.<\/p>\n<p>F\u00fcr die Fluoreszenzmikroskopie k\u00f6nnen die Untersuchungsobjekte mit UV-, Blau- oder Gr\u00fcnlicht angeregt werden. Die Emissionsfilter sind so gew\u00e4hlt, dass ein m\u00f6glichst breites Spektrum an Fluoreszenzfarben sichtbar wird.<\/p>\n<p>Sie m\u00fcssen sich von einer Biologie-Lehrperson einf\u00fchren lassen, wenn Sie das Fluoreszenzmikroskop benutzen m\u00f6chten.<\/p>\n<p><a href=\"https:\/\/fs.kswe.ch\/bio\/wp-content\/uploads\/sites\/10\/2020\/05\/Anleitung-Olympus-Vanox.pdf\" target=\"_blank\" rel=\"noopener noreferrer\">Anleitung zum Fluoreszenzmmikroskop Olympus Vanox<\/a><\/p>\n<p>Beispiel f\u00fcr Anwendung der Fluoreszenzmikroskopie:<\/p>\n<p><em>Querschnitt durch einen Flechte mit Apothecium (der Reihe nach von links nach rechts \/von oben nach unten: Normales Durchlicht, Reflexionslicht, Anregung mit UV-Licht, Blaulicht, Gr\u00fcnlicht)\u00a0<\/em><\/p>\n<p><img decoding=\"async\" class=\"alignnone wp-image-641 size-medium\" src=\"https:\/\/fs.kswe.ch\/bio\/wp-content\/uploads\/sites\/10\/2020\/05\/Flechte2_Apothecium_Hellfeld-1-200x300.jpg\" alt=\"\" width=\"200\" height=\"300\" srcset=\"https:\/\/fs.kswe.ch\/bio\/wp-content\/uploads\/sites\/10\/2020\/05\/Flechte2_Apothecium_Hellfeld-1-200x300.jpg 200w, https:\/\/fs.kswe.ch\/bio\/wp-content\/uploads\/sites\/10\/2020\/05\/Flechte2_Apothecium_Hellfeld-1-768x1152.jpg 768w, https:\/\/fs.kswe.ch\/bio\/wp-content\/uploads\/sites\/10\/2020\/05\/Flechte2_Apothecium_Hellfeld-1-700x1050.jpg 700w, https:\/\/fs.kswe.ch\/bio\/wp-content\/uploads\/sites\/10\/2020\/05\/Flechte2_Apothecium_Hellfeld-1-1600x2400.jpg 1600w, https:\/\/fs.kswe.ch\/bio\/wp-content\/uploads\/sites\/10\/2020\/05\/Flechte2_Apothecium_Hellfeld-1-1100x1650.jpg 1100w\" sizes=\"(max-width: 200px) 100vw, 200px\" \/><img decoding=\"async\" class=\"alignnone size-medium wp-image-642\" src=\"https:\/\/fs.kswe.ch\/bio\/wp-content\/uploads\/sites\/10\/2020\/05\/Flechte2_Apothecium_Reflexionslicht-200x300.jpg\" alt=\"\" width=\"200\" height=\"300\" srcset=\"https:\/\/fs.kswe.ch\/bio\/wp-content\/uploads\/sites\/10\/2020\/05\/Flechte2_Apothecium_Reflexionslicht-200x300.jpg 200w, https:\/\/fs.kswe.ch\/bio\/wp-content\/uploads\/sites\/10\/2020\/05\/Flechte2_Apothecium_Reflexionslicht-768x1152.jpg 768w, https:\/\/fs.kswe.ch\/bio\/wp-content\/uploads\/sites\/10\/2020\/05\/Flechte2_Apothecium_Reflexionslicht-700x1050.jpg 700w, https:\/\/fs.kswe.ch\/bio\/wp-content\/uploads\/sites\/10\/2020\/05\/Flechte2_Apothecium_Reflexionslicht-1600x2400.jpg 1600w, https:\/\/fs.kswe.ch\/bio\/wp-content\/uploads\/sites\/10\/2020\/05\/Flechte2_Apothecium_Reflexionslicht-1100x1650.jpg 1100w\" sizes=\"(max-width: 200px) 100vw, 200px\" \/><img loading=\"lazy\" decoding=\"async\" class=\"alignnone size-medium wp-image-643\" src=\"https:\/\/fs.kswe.ch\/bio\/wp-content\/uploads\/sites\/10\/2020\/05\/Flechte2_Apothecium_UVLicht-200x300.jpg\" alt=\"\" width=\"200\" height=\"300\" srcset=\"https:\/\/fs.kswe.ch\/bio\/wp-content\/uploads\/sites\/10\/2020\/05\/Flechte2_Apothecium_UVLicht-200x300.jpg 200w, https:\/\/fs.kswe.ch\/bio\/wp-content\/uploads\/sites\/10\/2020\/05\/Flechte2_Apothecium_UVLicht-768x1152.jpg 768w, https:\/\/fs.kswe.ch\/bio\/wp-content\/uploads\/sites\/10\/2020\/05\/Flechte2_Apothecium_UVLicht-700x1050.jpg 700w, https:\/\/fs.kswe.ch\/bio\/wp-content\/uploads\/sites\/10\/2020\/05\/Flechte2_Apothecium_UVLicht-1600x2400.jpg 1600w, https:\/\/fs.kswe.ch\/bio\/wp-content\/uploads\/sites\/10\/2020\/05\/Flechte2_Apothecium_UVLicht-1100x1650.jpg 1100w\" sizes=\"(max-width: 200px) 100vw, 200px\" \/><img loading=\"lazy\" decoding=\"async\" class=\"alignnone size-medium wp-image-644\" src=\"https:\/\/fs.kswe.ch\/bio\/wp-content\/uploads\/sites\/10\/2020\/05\/Flechte2_Apothecium_Blaulicht-200x300.jpg\" alt=\"\" width=\"200\" height=\"300\" srcset=\"https:\/\/fs.kswe.ch\/bio\/wp-content\/uploads\/sites\/10\/2020\/05\/Flechte2_Apothecium_Blaulicht-200x300.jpg 200w, https:\/\/fs.kswe.ch\/bio\/wp-content\/uploads\/sites\/10\/2020\/05\/Flechte2_Apothecium_Blaulicht-768x1152.jpg 768w, https:\/\/fs.kswe.ch\/bio\/wp-content\/uploads\/sites\/10\/2020\/05\/Flechte2_Apothecium_Blaulicht-700x1050.jpg 700w, https:\/\/fs.kswe.ch\/bio\/wp-content\/uploads\/sites\/10\/2020\/05\/Flechte2_Apothecium_Blaulicht-1600x2400.jpg 1600w, https:\/\/fs.kswe.ch\/bio\/wp-content\/uploads\/sites\/10\/2020\/05\/Flechte2_Apothecium_Blaulicht-1100x1650.jpg 1100w\" sizes=\"(max-width: 200px) 100vw, 200px\" \/><img loading=\"lazy\" decoding=\"async\" class=\"alignnone size-medium wp-image-640\" src=\"https:\/\/fs.kswe.ch\/bio\/wp-content\/uploads\/sites\/10\/2020\/05\/Flechte2_Apothecium_Gr\u00fcnlicht-200x300.jpg\" alt=\"\" width=\"200\" height=\"300\" srcset=\"https:\/\/fs.kswe.ch\/bio\/wp-content\/uploads\/sites\/10\/2020\/05\/Flechte2_Apothecium_Gr\u00fcnlicht-200x300.jpg 200w, https:\/\/fs.kswe.ch\/bio\/wp-content\/uploads\/sites\/10\/2020\/05\/Flechte2_Apothecium_Gr\u00fcnlicht-768x1152.jpg 768w, https:\/\/fs.kswe.ch\/bio\/wp-content\/uploads\/sites\/10\/2020\/05\/Flechte2_Apothecium_Gr\u00fcnlicht-700x1050.jpg 700w, https:\/\/fs.kswe.ch\/bio\/wp-content\/uploads\/sites\/10\/2020\/05\/Flechte2_Apothecium_Gr\u00fcnlicht-1600x2400.jpg 1600w, https:\/\/fs.kswe.ch\/bio\/wp-content\/uploads\/sites\/10\/2020\/05\/Flechte2_Apothecium_Gr\u00fcnlicht-1100x1650.jpg 1100w\" sizes=\"(max-width: 200px) 100vw, 200px\" \/><\/p>\n<p>&nbsp;<\/p>\n<h3>FluorPen<\/h3>\n<h3><img loading=\"lazy\" decoding=\"async\" class=\"alignnone wp-image-676\" src=\"https:\/\/fs.kswe.ch\/bio\/wp-content\/uploads\/sites\/10\/2020\/06\/fluorpen-title-300x98.jpg\" alt=\"\" width=\"500\" height=\"164\" srcset=\"https:\/\/fs.kswe.ch\/bio\/wp-content\/uploads\/sites\/10\/2020\/06\/fluorpen-title-300x98.jpg 300w, https:\/\/fs.kswe.ch\/bio\/wp-content\/uploads\/sites\/10\/2020\/06\/fluorpen-title-626x205.jpg 626w, https:\/\/fs.kswe.ch\/bio\/wp-content\/uploads\/sites\/10\/2020\/06\/fluorpen-title.jpg 688w\" sizes=\"(max-width: 500px) 100vw, 500px\" \/><\/h3>\n<p>Der FluorPen ist ein Ger\u00e4t, mit welchem innert Sekunden am lebenden Blatt die Fotosynthese-Kapazit\u00e4t gemessen werden kann. Dieses gibt Auskunft dar\u00fcber, wie stark ein Blatt gestresst ist. Das Blatt wird dabei nicht besch\u00e4digt. Das Blatt wird dabei kurz mit hellem Licht bestrahlt und das Ger\u00e4t misst die Rotfluoreszenz des Blattes. Daraus kann die Fotosynthese-Kapazit\u00e4t des Blattes berechnet werden.<\/p>\n<p><a href=\"https:\/\/fs.kswe.ch\/bio\/wp-content\/uploads\/sites\/10\/2020\/05\/FluorPen_Functionality.pdf\" target=\"_blank\" rel=\"noopener noreferrer\">FluorPen Funktionsprinzip<\/a><\/p>\n<p><a href=\"https:\/\/fs.kswe.ch\/bio\/wp-content\/uploads\/sites\/10\/2020\/05\/FluorPen_Manual.pdf\" target=\"_blank\" rel=\"noopener noreferrer\">FluorPen Manual<\/a><\/p>\n<p>&nbsp;<\/p>\n<h3><img loading=\"lazy\" decoding=\"async\" class=\"size-medium wp-image-680 alignleft\" src=\"https:\/\/fs.kswe.ch\/bio\/wp-content\/uploads\/sites\/10\/2020\/06\/images-leaf-porometer1-500x500-200x300.jpg\" alt=\"\" width=\"200\" height=\"300\" srcset=\"https:\/\/fs.kswe.ch\/bio\/wp-content\/uploads\/sites\/10\/2020\/06\/images-leaf-porometer1-500x500-200x300.jpg 200w, https:\/\/fs.kswe.ch\/bio\/wp-content\/uploads\/sites\/10\/2020\/06\/images-leaf-porometer1-500x500.jpg 333w\" sizes=\"(max-width: 200px) 100vw, 200px\" \/><\/h3>\n<h3>Porometer<\/h3>\n<p>Mit dem Porometer kann an lebenden Bl\u00e4ttern die Transpiration &#8211; also die Menge an verdunstetem Wasser pro Blattfl\u00e4che und Zeit &#8211; gemessen werden. Die Messung dauert meist einige Minuten und die Bl\u00e4tter nehmen dabei keinen schaden.<\/p>\n<p><a href=\"https:\/\/fs.kswe.ch\/bio\/wp-content\/uploads\/sites\/10\/2020\/06\/Leaf-Porometer.pdf\" target=\"_blank\" rel=\"noopener noreferrer\">Anleitung zum Porometer<\/a><\/p>\n","protected":false},"excerpt":{"rendered":"<p>Laborger\u00e4te an der KSWE F\u00fcr Projektarbeiten, Maturaarbeiten und Unterricht stehen in den Laborr\u00e4umlichkeiten der Biologie (Spinnerei, 2. Stock) nach Absprache mit einer Biologie-Lehrperson oder Laborfachkraft verschiedene und zum Teil recht spezielle Ger\u00e4te zur Verf\u00fcgung. Hier finden Sie Informationen und Anweisungen zum Gebrauch: Fluoreszenzmikroskop &#8211; Olympus&#8230;<\/p>\n","protected":false},"author":2,"featured_media":0,"parent":0,"menu_order":0,"comment_status":"closed","ping_status":"closed","template":"","meta":{"footnotes":""},"class_list":["post-282","page","type-page","status-publish","hentry"],"_links":{"self":[{"href":"https:\/\/fs.kswe.ch\/bio\/wp-json\/wp\/v2\/pages\/282","targetHints":{"allow":["GET"]}}],"collection":[{"href":"https:\/\/fs.kswe.ch\/bio\/wp-json\/wp\/v2\/pages"}],"about":[{"href":"https:\/\/fs.kswe.ch\/bio\/wp-json\/wp\/v2\/types\/page"}],"author":[{"embeddable":true,"href":"https:\/\/fs.kswe.ch\/bio\/wp-json\/wp\/v2\/users\/2"}],"replies":[{"embeddable":true,"href":"https:\/\/fs.kswe.ch\/bio\/wp-json\/wp\/v2\/comments?post=282"}],"version-history":[{"count":37,"href":"https:\/\/fs.kswe.ch\/bio\/wp-json\/wp\/v2\/pages\/282\/revisions"}],"predecessor-version":[{"id":831,"href":"https:\/\/fs.kswe.ch\/bio\/wp-json\/wp\/v2\/pages\/282\/revisions\/831"}],"wp:attachment":[{"href":"https:\/\/fs.kswe.ch\/bio\/wp-json\/wp\/v2\/media?parent=282"}],"curies":[{"name":"wp","href":"https:\/\/api.w.org\/{rel}","templated":true}]}}