{"id":277,"date":"2018-11-29T10:16:12","date_gmt":"2018-11-29T09:16:12","guid":{"rendered":"http:\/\/ins.fs.kswe.ch\/?page_id=277"},"modified":"2020-06-17T08:58:34","modified_gmt":"2020-06-17T06:58:34","slug":"biologie-an-der-fachmittelschule","status":"publish","type":"page","link":"https:\/\/fs.kswe.ch\/bio\/biologie-an-der-fachmittelschule\/","title":{"rendered":"Biologie an der Fachmittelschule"},"content":{"rendered":"<h1>Biologie an der Fachmittelschule<\/h1>\n<p>In den ersten beiden Jahren besuchst Du unabh\u00e4ngig von der Fachrichtung das Grundlagenfach Biologie w\u00e4hrend 3 Semestern. Im dritten Jahr ist f\u00fcr das Berufsfeld Gesundheit das berufsfeldbezogene Fach &#8222;Naturwissenschaften mit Praktikum&#8220; obligatorisch. In diesem werden Fertigkeiten aus den Disziplinen Biologie, Chemie und Physik erweitert.<\/p>\n<p>F\u00fcr die Fachmaturit\u00e4t P\u00e4dagogik wird Biologie zus\u00e4tzlich im 7. Semester unterrichtet.<\/p>\n<p>Hier findest Du den <a href=\"https:\/\/fs.kswe.ch\/bio\/wp-content\/uploads\/sites\/10\/2020\/06\/Gesamtlehrplan_FMS_Stand_August_2008.pdf\" target=\"_blank\" rel=\"noopener noreferrer\">Gesamtlehrplan FMS Stand August 2008<\/a> inklusive Biologie.<\/p>\n<p>&nbsp;<\/p>\n<p>&nbsp;<\/p>\n","protected":false},"excerpt":{"rendered":"<p>Biologie an der Fachmittelschule In den ersten beiden Jahren besuchst Du unabh\u00e4ngig von der Fachrichtung das Grundlagenfach Biologie w\u00e4hrend 3 Semestern. Im dritten Jahr ist f\u00fcr das Berufsfeld Gesundheit das berufsfeldbezogene Fach &#8222;Naturwissenschaften mit Praktikum&#8220; obligatorisch. In diesem werden Fertigkeiten aus den Disziplinen Biologie, Chemie&#8230;<\/p>\n","protected":false},"author":2,"featured_media":0,"parent":0,"menu_order":0,"comment_status":"closed","ping_status":"closed","template":"","meta":{"footnotes":""},"class_list":["post-277","page","type-page","status-publish","hentry"],"_links":{"self":[{"href":"https:\/\/fs.kswe.ch\/bio\/wp-json\/wp\/v2\/pages\/277","targetHints":{"allow":["GET"]}}],"collection":[{"href":"https:\/\/fs.kswe.ch\/bio\/wp-json\/wp\/v2\/pages"}],"about":[{"href":"https:\/\/fs.kswe.ch\/bio\/wp-json\/wp\/v2\/types\/page"}],"author":[{"embeddable":true,"href":"https:\/\/fs.kswe.ch\/bio\/wp-json\/wp\/v2\/users\/2"}],"replies":[{"embeddable":true,"href":"https:\/\/fs.kswe.ch\/bio\/wp-json\/wp\/v2\/comments?post=277"}],"version-history":[{"count":14,"href":"https:\/\/fs.kswe.ch\/bio\/wp-json\/wp\/v2\/pages\/277\/revisions"}],"predecessor-version":[{"id":715,"href":"https:\/\/fs.kswe.ch\/bio\/wp-json\/wp\/v2\/pages\/277\/revisions\/715"}],"wp:attachment":[{"href":"https:\/\/fs.kswe.ch\/bio\/wp-json\/wp\/v2\/media?parent=277"}],"curies":[{"name":"wp","href":"https:\/\/api.w.org\/{rel}","templated":true}]}}