{"id":275,"date":"2018-11-29T10:14:40","date_gmt":"2018-11-29T09:14:40","guid":{"rendered":"http:\/\/ins.fs.kswe.ch\/?page_id=275"},"modified":"2020-06-17T08:55:35","modified_gmt":"2020-06-17T06:55:35","slug":"biologie-am-gymnasium","status":"publish","type":"page","link":"https:\/\/fs.kswe.ch\/bio\/biologie-am-gymnasium\/","title":{"rendered":"Biologie am Gymnasium"},"content":{"rendered":"<h1>Biologie am Gymnasium<\/h1>\n<p>Am Gymnasium hast Du mehrere M\u00f6glichkeiten, das Fach Biologie zu vertiefen: Neben dem Grundlagenfach Biologie gibt es das <a href=\"https:\/\/fs.kswe.ch\/bio\/wp-content\/uploads\/sites\/10\/2020\/06\/Sbic-Ausschreibung-2018.pdf\" target=\"_blank\" rel=\"noopener noreferrer\"><strong>Schwerpunktfach Biologie\/Chemie<\/strong><\/a> (3.\/4. Klasse) sowie das <a href=\"https:\/\/fs.kswe.ch\/bio\/wp-content\/uploads\/sites\/10\/2020\/06\/Ebio-Ausschreibung-19.pdf\" target=\"_blank\" rel=\"noopener noreferrer\"><strong>Erg\u00e4nzungsfach Biologie<\/strong><\/a> (4. Klasse). Im <a href=\"https:\/\/a-etna.ch\/scienceblog\/category\/aktuell\/\" target=\"_blank\" rel=\"noopener noreferrer\"><strong>Aktzentfach AETNA<\/strong><\/a> (1. und 2. Klasse) lernst Du anhand von selbst\u00e4ndigen, fach\u00fcbergreifenden Projekten aus Biologie, Chemie und Physik wissenschaftlich zu arbeiten.<\/p>\n<p>Hier k\u00f6nnen die <strong>Lehrpl\u00e4ne\u00a0<\/strong>f\u00fcr das Gymnasium heruntergeladen werden:<\/p>\n<ul>\n<li><a href=\"https:\/\/fs.kswe.ch\/bio\/wp-content\/uploads\/sites\/10\/2020\/05\/Lehrplan_Grundlagenfach_Biologie.pdf\" target=\"_blank\" rel=\"noopener noreferrer\"><strong>Grundlagenfach Biologie<\/strong><\/a><\/li>\n<li><a href=\"https:\/\/fs.kswe.ch\/bio\/wp-content\/uploads\/sites\/10\/2020\/05\/Lehrplan_Schwerpunktfach_Biologie_Chemie.pdf\" target=\"_blank\" rel=\"noopener noreferrer\"><strong>Schwerpunktfach Biologie\/Chemie<\/strong><\/a><\/li>\n<li><a href=\"https:\/\/fs.kswe.ch\/bio\/wp-content\/uploads\/sites\/10\/2020\/05\/Lehrplan_Erg\u00e4nzungsfach_Biologie.pdf\" target=\"_blank\" rel=\"noopener noreferrer\"><strong>Erg\u00e4nzungsfach Biologie<\/strong><\/a><\/li>\n<\/ul>\n<p><img fetchpriority=\"high\" decoding=\"async\" class=\"alignleft wp-image-456 size-full\" src=\"https:\/\/fs.kswe.ch\/bio\/wp-content\/uploads\/sites\/10\/2019\/03\/bio-gym.jpg\" alt=\"\" width=\"2238\" height=\"1566\" srcset=\"https:\/\/fs.kswe.ch\/bio\/wp-content\/uploads\/sites\/10\/2019\/03\/bio-gym.jpg 2238w, https:\/\/fs.kswe.ch\/bio\/wp-content\/uploads\/sites\/10\/2019\/03\/bio-gym-300x210.jpg 300w, https:\/\/fs.kswe.ch\/bio\/wp-content\/uploads\/sites\/10\/2019\/03\/bio-gym-768x537.jpg 768w, https:\/\/fs.kswe.ch\/bio\/wp-content\/uploads\/sites\/10\/2019\/03\/bio-gym-700x490.jpg 700w, https:\/\/fs.kswe.ch\/bio\/wp-content\/uploads\/sites\/10\/2019\/03\/bio-gym-429x300.jpg 429w, https:\/\/fs.kswe.ch\/bio\/wp-content\/uploads\/sites\/10\/2019\/03\/bio-gym-1800x1260.jpg 1800w, https:\/\/fs.kswe.ch\/bio\/wp-content\/uploads\/sites\/10\/2019\/03\/bio-gym-1100x770.jpg 1100w\" sizes=\"(max-width: 2238px) 100vw, 2238px\" \/><\/p>\n","protected":false},"excerpt":{"rendered":"<p>Biologie am Gymnasium Am Gymnasium hast Du mehrere M\u00f6glichkeiten, das Fach Biologie zu vertiefen: Neben dem Grundlagenfach Biologie gibt es das Schwerpunktfach Biologie\/Chemie (3.\/4. Klasse) sowie das Erg\u00e4nzungsfach Biologie (4. Klasse). Im Aktzentfach AETNA (1. und 2. Klasse) lernst Du anhand von selbst\u00e4ndigen, fach\u00fcbergreifenden Projekten&#8230;<\/p>\n","protected":false},"author":2,"featured_media":0,"parent":0,"menu_order":0,"comment_status":"closed","ping_status":"closed","template":"","meta":{"footnotes":""},"class_list":["post-275","page","type-page","status-publish","hentry"],"_links":{"self":[{"href":"https:\/\/fs.kswe.ch\/bio\/wp-json\/wp\/v2\/pages\/275","targetHints":{"allow":["GET"]}}],"collection":[{"href":"https:\/\/fs.kswe.ch\/bio\/wp-json\/wp\/v2\/pages"}],"about":[{"href":"https:\/\/fs.kswe.ch\/bio\/wp-json\/wp\/v2\/types\/page"}],"author":[{"embeddable":true,"href":"https:\/\/fs.kswe.ch\/bio\/wp-json\/wp\/v2\/users\/2"}],"replies":[{"embeddable":true,"href":"https:\/\/fs.kswe.ch\/bio\/wp-json\/wp\/v2\/comments?post=275"}],"version-history":[{"count":22,"href":"https:\/\/fs.kswe.ch\/bio\/wp-json\/wp\/v2\/pages\/275\/revisions"}],"predecessor-version":[{"id":726,"href":"https:\/\/fs.kswe.ch\/bio\/wp-json\/wp\/v2\/pages\/275\/revisions\/726"}],"wp:attachment":[{"href":"https:\/\/fs.kswe.ch\/bio\/wp-json\/wp\/v2\/media?parent=275"}],"curies":[{"name":"wp","href":"https:\/\/api.w.org\/{rel}","templated":true}]}}