{"id":274,"date":"2018-11-29T10:28:49","date_gmt":"2018-11-29T09:28:49","guid":{"rendered":"http:\/\/ins.fs.kswe.ch\/?page_id=274"},"modified":"2020-06-17T08:50:19","modified_gmt":"2020-06-17T06:50:19","slug":"bio_an_der_kswe","status":"publish","type":"page","link":"https:\/\/fs.kswe.ch\/bio\/bio_an_der_kswe\/","title":{"rendered":"Biologie an der KSWE"},"content":{"rendered":"<h1>Biologie an der Kantonsschule Wettingen<\/h1>\n<p>Biologie folgt aus dem Bed\u00fcrfnis heraus zu verstehen was Leben ist und wie es funktioniert. Eine wunderbare, philosophische Frage, die wohl immer geheimnisvoll bleiben wird. Gemeinsam gehen wir auf Entdeckungsreise!<\/p>\n<p>Heute hat sich die Biologie zu einer Wissenschaft entwickelt, welche auch Erkl\u00e4rungen und L\u00f6sungen f\u00fcr die gr\u00f6ssten Herausforderungen sucht, denen sich die Menschheit gegen\u00fcbersieht: Zum Beispiel Krankheiten, Klimawandel, Lebensmittelversorgung, Artensterben. Was wissen wir und wie k\u00f6nnen wir dieses Wissen nutzen? Wir suchen gemeinsam nach Antworten!<\/p>\n<p>Auf unserer Reise durch die Biologie werden wir erkennen, dass wir nicht genug verstehen. Aber wie &#8222;entstehen&#8220; eigentlich neue Erkenntnisse? Durch Beobachtung und Experimente! An der KSWE leben wir diesen Grundsatz und erschliessen im Unterricht Zusammenh\u00e4nge wenn immer m\u00f6glich mit praktischen Experimenten. Denn schon Charles Darwin sagte: &#8222;Nur ein Narr macht keine Experimente&#8220;<\/p>\n<p>Hier geht&#8217;s zur <a href=\"https:\/\/fs.kswe.ch\/bio\/\">\u00dcbersicht<\/a> zu Unterrichtsinhalten, praktischem Arbeiten, Projekten und Vertiefungsm\u00f6glichkeiten.<\/p>\n<p><img fetchpriority=\"high\" decoding=\"async\" class=\"alignnone wp-image-525 \" src=\"https:\/\/fs.kswe.ch\/bio\/wp-content\/uploads\/sites\/10\/2020\/05\/Klimagarten-300x216.jpg\" alt=\"\" width=\"493\" height=\"355\" srcset=\"https:\/\/fs.kswe.ch\/bio\/wp-content\/uploads\/sites\/10\/2020\/05\/Klimagarten-300x216.jpg 300w, https:\/\/fs.kswe.ch\/bio\/wp-content\/uploads\/sites\/10\/2020\/05\/Klimagarten-768x554.jpg 768w, https:\/\/fs.kswe.ch\/bio\/wp-content\/uploads\/sites\/10\/2020\/05\/Klimagarten-700x505.jpg 700w, https:\/\/fs.kswe.ch\/bio\/wp-content\/uploads\/sites\/10\/2020\/05\/Klimagarten-416x300.jpg 416w, https:\/\/fs.kswe.ch\/bio\/wp-content\/uploads\/sites\/10\/2020\/05\/Klimagarten.jpg 1020w\" sizes=\"(max-width: 493px) 100vw, 493px\" \/><img decoding=\"async\" class=\"wp-image-526 alignnone\" src=\"https:\/\/fs.kswe.ch\/bio\/wp-content\/uploads\/sites\/10\/2020\/05\/Cellobiase-300x206.jpg\" alt=\"\" width=\"507\" height=\"348\" srcset=\"https:\/\/fs.kswe.ch\/bio\/wp-content\/uploads\/sites\/10\/2020\/05\/Cellobiase-300x206.jpg 300w, https:\/\/fs.kswe.ch\/bio\/wp-content\/uploads\/sites\/10\/2020\/05\/Cellobiase-768x528.jpg 768w, https:\/\/fs.kswe.ch\/bio\/wp-content\/uploads\/sites\/10\/2020\/05\/Cellobiase-700x481.jpg 700w, https:\/\/fs.kswe.ch\/bio\/wp-content\/uploads\/sites\/10\/2020\/05\/Cellobiase-436x300.jpg 436w, https:\/\/fs.kswe.ch\/bio\/wp-content\/uploads\/sites\/10\/2020\/05\/Cellobiase.jpg 977w\" sizes=\"(max-width: 507px) 100vw, 507px\" \/><\/p>\n<p><img decoding=\"async\" class=\"alignnone wp-image-527\" src=\"https:\/\/fs.kswe.ch\/bio\/wp-content\/uploads\/sites\/10\/2020\/05\/ELISA-300x116.jpg\" alt=\"\" width=\"504\" height=\"195\" srcset=\"https:\/\/fs.kswe.ch\/bio\/wp-content\/uploads\/sites\/10\/2020\/05\/ELISA-300x116.jpg 300w, https:\/\/fs.kswe.ch\/bio\/wp-content\/uploads\/sites\/10\/2020\/05\/ELISA-768x298.jpg 768w, https:\/\/fs.kswe.ch\/bio\/wp-content\/uploads\/sites\/10\/2020\/05\/ELISA-700x271.jpg 700w, https:\/\/fs.kswe.ch\/bio\/wp-content\/uploads\/sites\/10\/2020\/05\/ELISA-626x243.jpg 626w, https:\/\/fs.kswe.ch\/bio\/wp-content\/uploads\/sites\/10\/2020\/05\/ELISA.jpg 996w\" sizes=\"(max-width: 504px) 100vw, 504px\" \/><\/p>\n","protected":false},"excerpt":{"rendered":"<p>Biologie an der Kantonsschule Wettingen Biologie folgt aus dem Bed\u00fcrfnis heraus zu verstehen was Leben ist und wie es funktioniert. Eine wunderbare, philosophische Frage, die wohl immer geheimnisvoll bleiben wird. Gemeinsam gehen wir auf Entdeckungsreise! Heute hat sich die Biologie zu einer Wissenschaft entwickelt, welche&#8230;<\/p>\n","protected":false},"author":2,"featured_media":0,"parent":0,"menu_order":0,"comment_status":"closed","ping_status":"closed","template":"","meta":{"footnotes":""},"class_list":["post-274","page","type-page","status-publish","hentry"],"_links":{"self":[{"href":"https:\/\/fs.kswe.ch\/bio\/wp-json\/wp\/v2\/pages\/274","targetHints":{"allow":["GET"]}}],"collection":[{"href":"https:\/\/fs.kswe.ch\/bio\/wp-json\/wp\/v2\/pages"}],"about":[{"href":"https:\/\/fs.kswe.ch\/bio\/wp-json\/wp\/v2\/types\/page"}],"author":[{"embeddable":true,"href":"https:\/\/fs.kswe.ch\/bio\/wp-json\/wp\/v2\/users\/2"}],"replies":[{"embeddable":true,"href":"https:\/\/fs.kswe.ch\/bio\/wp-json\/wp\/v2\/comments?post=274"}],"version-history":[{"count":24,"href":"https:\/\/fs.kswe.ch\/bio\/wp-json\/wp\/v2\/pages\/274\/revisions"}],"predecessor-version":[{"id":705,"href":"https:\/\/fs.kswe.ch\/bio\/wp-json\/wp\/v2\/pages\/274\/revisions\/705"}],"wp:attachment":[{"href":"https:\/\/fs.kswe.ch\/bio\/wp-json\/wp\/v2\/media?parent=274"}],"curies":[{"name":"wp","href":"https:\/\/api.w.org\/{rel}","templated":true}]}}