{"id":720,"date":"2022-08-22T13:57:28","date_gmt":"2022-08-22T11:57:28","guid":{"rendered":"https:\/\/fs.kswe.ch\/bgf\/?page_id=720"},"modified":"2023-03-20T12:29:37","modified_gmt":"2023-03-20T11:29:37","slug":"literarisches-schreiben","status":"publish","type":"page","link":"https:\/\/fs.kswe.ch\/bgf\/literarisches-schreiben\/","title":{"rendered":"Literarisches Schreiben"},"content":{"rendered":"<p><strong>Literarisches Schreiben<\/strong><\/p>\n<p>Das Schreiben literarischer Texte wird vereinzelt im Deutschunterricht praktiziert \u2013 allerdings liegt der Fokus eher auf analytischen, interpretierenden oder argumentierenden Textsorten. Im englischsprachigen Raum hingegen hat das \u00abCreative Writing\u00bb auch auf terti\u00e4rer Bildungsstufe einen etablierten Stand. Dabei bietet diese Art der schriftlichen Auseinandersetzung auch auf Deutsch viele Vorteile. So befassen sich die SuS in diesem Kurs auf kreative und spielerische Art und Weise mit Erz\u00e4hlsituationen, Stilen und narrativen Techniken. Die pragmatische Herangehensweise sch\u00e4rft nicht nur ihren eigenen Stil und ihr Sprachgef\u00fchl, sondern auch den analytischen Blick auf Literatur. In diesem Sinne versteht sich der Kurs als Plattform f\u00fcr literaturaffine SuS, die bereits eine hohe Schreibkompetenz aufweisen und diese weiter ausbauen m\u00f6chten. Sie erhalten die M\u00f6glichkeit, \u00fcber verschiedenste Schreibanal\u00e4sse unterschiedliche Ausdrucksformen auszuprobieren, Resonanz auf ihre Texte zu erhalten und im Idealfall so ihren eigenen Stil zu finden und zu festigen. Nebst Schreiblust, -ausdauer und Kritikf\u00e4higkeit sollten die SuS Freude daran haben, die Poetik literarischer Beispieltexte zu ergr\u00fcnden und daraus gewonnene Erkenntnisse in eigenen Versuchen umzusetzen. Im Sinne einer Begabtenf\u00f6rderung werden die SuS ermutigt, sich mit ihren Texten der \u00d6ffentlichkeit zu stellen und an Schreibwettbewerben teilzunehmen.<\/p>\n<p><strong>Lehrperson:<\/strong> Raoul Abea<\/p>\n<p><strong>Aufwand:<\/strong> Findet alle zwei Wochen statt<\/p>\n","protected":false},"excerpt":{"rendered":"<p>Literarisches Schreiben Das Schreiben literarischer Texte wird vereinzelt im Deutschunterricht praktiziert \u2013 allerdings liegt der Fokus eher auf analytischen, interpretierenden oder argumentierenden Textsorten. Im englischsprachigen Raum hingegen hat das \u00abCreative Writing\u00bb auch auf terti\u00e4rer Bildungsstufe einen etablierten Stand. Dabei bietet diese Art der schriftlichen Auseinandersetzung&#8230;<\/p>\n","protected":false},"author":21,"featured_media":0,"parent":0,"menu_order":0,"comment_status":"closed","ping_status":"closed","template":"","meta":{"footnotes":""},"class_list":["post-720","page","type-page","status-publish","hentry"],"_links":{"self":[{"href":"https:\/\/fs.kswe.ch\/bgf\/wp-json\/wp\/v2\/pages\/720","targetHints":{"allow":["GET"]}}],"collection":[{"href":"https:\/\/fs.kswe.ch\/bgf\/wp-json\/wp\/v2\/pages"}],"about":[{"href":"https:\/\/fs.kswe.ch\/bgf\/wp-json\/wp\/v2\/types\/page"}],"author":[{"embeddable":true,"href":"https:\/\/fs.kswe.ch\/bgf\/wp-json\/wp\/v2\/users\/21"}],"replies":[{"embeddable":true,"href":"https:\/\/fs.kswe.ch\/bgf\/wp-json\/wp\/v2\/comments?post=720"}],"version-history":[{"count":5,"href":"https:\/\/fs.kswe.ch\/bgf\/wp-json\/wp\/v2\/pages\/720\/revisions"}],"predecessor-version":[{"id":745,"href":"https:\/\/fs.kswe.ch\/bgf\/wp-json\/wp\/v2\/pages\/720\/revisions\/745"}],"wp:attachment":[{"href":"https:\/\/fs.kswe.ch\/bgf\/wp-json\/wp\/v2\/media?parent=720"}],"curies":[{"name":"wp","href":"https:\/\/api.w.org\/{rel}","templated":true}]}}