{"id":550,"date":"2019-04-25T10:21:47","date_gmt":"2019-04-25T08:21:47","guid":{"rendered":"https:\/\/fs.kswe.ch\/bgf\/?page_id=550"},"modified":"2022-05-11T21:39:44","modified_gmt":"2022-05-11T19:39:44","slug":"schulpreis-der-schweizerischen-wissenschaftsolympiaden-2008","status":"publish","type":"page","link":"https:\/\/fs.kswe.ch\/bgf\/schulpreis-der-schweizerischen-wissenschaftsolympiaden-2008\/","title":{"rendered":"Schulpreis der Schweizerischen Wissenschaftsolympiaden 2008"},"content":{"rendered":"<p><strong>Schulpreis der Schweizerischen Wissenschaftsolympiaden 2019<\/strong><\/p>\n<p>&#8222;Wer die Neugier seiner Sch\u00fclerinnen und Sch\u00fcler stillt und besondere Leistungen f\u00f6rdert, soll ausgezeichnet werden. 2019 geht der Schulpreis der Wissenschafts-Olympiade an die Kantonsschule Wettingen im Aargau.&#8220;<\/p>\n<p>Science.olympiad.ch<\/p>\n<p><strong>Schulpreis der Schweizerischen Wissenschaftsolympiaden 2008<\/strong><\/p>\n<p>Siehe Fussnote Seite 14, <a href=\"https:\/\/science.olympiad.ch\/fileadmin\/user_upload\/Archiv\/Public\/Annual_Reports\/DE\/2008_Jahresbericht.pdf\">Jahresbericht<\/a> 2008, Schweizerische Wissenschaftsolympiade<\/p>\n","protected":false},"excerpt":{"rendered":"<p>Schulpreis der Schweizerischen Wissenschaftsolympiaden 2019 &#8222;Wer die Neugier seiner Sch\u00fclerinnen und Sch\u00fcler stillt und besondere Leistungen f\u00f6rdert, soll ausgezeichnet werden. 2019 geht der Schulpreis der Wissenschafts-Olympiade an die Kantonsschule Wettingen im Aargau.&#8220; Science.olympiad.ch Schulpreis der Schweizerischen Wissenschaftsolympiaden 2008 Siehe Fussnote Seite 14, Jahresbericht 2008, Schweizerische&#8230;<\/p>\n","protected":false},"author":16,"featured_media":0,"parent":0,"menu_order":0,"comment_status":"closed","ping_status":"closed","template":"","meta":{"footnotes":""},"class_list":["post-550","page","type-page","status-publish","hentry"],"_links":{"self":[{"href":"https:\/\/fs.kswe.ch\/bgf\/wp-json\/wp\/v2\/pages\/550","targetHints":{"allow":["GET"]}}],"collection":[{"href":"https:\/\/fs.kswe.ch\/bgf\/wp-json\/wp\/v2\/pages"}],"about":[{"href":"https:\/\/fs.kswe.ch\/bgf\/wp-json\/wp\/v2\/types\/page"}],"author":[{"embeddable":true,"href":"https:\/\/fs.kswe.ch\/bgf\/wp-json\/wp\/v2\/users\/16"}],"replies":[{"embeddable":true,"href":"https:\/\/fs.kswe.ch\/bgf\/wp-json\/wp\/v2\/comments?post=550"}],"version-history":[{"count":3,"href":"https:\/\/fs.kswe.ch\/bgf\/wp-json\/wp\/v2\/pages\/550\/revisions"}],"predecessor-version":[{"id":709,"href":"https:\/\/fs.kswe.ch\/bgf\/wp-json\/wp\/v2\/pages\/550\/revisions\/709"}],"wp:attachment":[{"href":"https:\/\/fs.kswe.ch\/bgf\/wp-json\/wp\/v2\/media?parent=550"}],"curies":[{"name":"wp","href":"https:\/\/api.w.org\/{rel}","templated":true}]}}