{"id":548,"date":"2019-04-25T10:18:11","date_gmt":"2019-04-25T08:18:11","guid":{"rendered":"https:\/\/fs.kswe.ch\/bgf\/?page_id=548"},"modified":"2022-09-02T19:26:46","modified_gmt":"2022-09-02T17:26:46","slug":"lister-der-erfolge-aller-schuelerinnen-2","status":"publish","type":"page","link":"https:\/\/fs.kswe.ch\/bgf\/lister-der-erfolge-aller-schuelerinnen-2\/","title":{"rendered":"Lister der Erfolge aller Sch\u00fcler*innen an den europ\u00e4ischen Wissenschaftsolympiaden"},"content":{"rendered":"<p><strong>Lister der Erfolge aller Sch\u00fcler*innen an den europ\u00e4ischen Wissenschaftsolympiaden<\/strong><\/p>\n<p><span style=\"color: #33cccc\"><strong>SJ 2021<\/strong><strong>\/22<\/strong><\/span><\/p>\n<p><strong>Mathematik (Bern)<\/strong><\/p>\n<p>Bronze &#8211; Jerry Schupp, G2C<\/p>\n<p><span style=\"color: #33cccc\"><strong>SJ 2018<\/strong><strong>\/19<\/strong><\/span><\/p>\n<p><strong>Physik<\/strong><\/p>\n<p>Honorable Mention &#8211; Ram\u00f3n Buchenberger, G4C<\/p>\n<p><span style=\"color: #33cccc\"><strong>SJ 2013<\/strong><strong>\/14<\/strong><\/span><\/p>\n<p><strong>Mathematik<\/strong><\/p>\n<p>Bronze &#8211; David Rusch, G2E<\/p>\n<p>Honorable Mention &#8211; Henning Zhang, G1A<\/p>\n<p>Teilnehmer &#8211; Jan Zehnder, G2E<\/p>\n<p><span style=\"color: #33cccc\"><strong>SJ 2012\/13<\/strong><\/span><\/p>\n<p><strong>Informatik<\/strong><\/p>\n<p>Teilnehmer &#8211; Peter M\u00fcller, G4B<\/p>\n<p><strong>Mathematik<\/strong><\/p>\n<p>Bronze &#8211; Paul Seidel, G3B<\/p>\n<p>Bronze &#8211; David Rusch, G3E<\/p>\n<p><span style=\"color: #33cccc\"><strong>SJ 2011\/12<\/strong><\/span><\/p>\n<p><strong>Mathematik<\/strong><\/p>\n<p>Teilnehmer &#8211; Abhigyan Ghosh, G3A<\/p>\n<p><span style=\"color: #33cccc\"><strong>SJ 2010\/11<\/strong><\/span><\/p>\n<p><strong>Informatik<\/strong><\/p>\n<p>Teilnehmer &#8211; Peter M\u00fcller, G2B<\/p>\n<p><strong>Mathematik<\/strong><\/p>\n<p>Teilnehmerin &#8211; Hayley Ross, G2A<\/p>\n<p><span style=\"color: #33cccc\"><strong>SJ 2008\/09<\/strong><\/span><\/p>\n<p><strong>Mathematik<\/strong><\/p>\n<p>Bronze &#8211; Yannick uter, G3F<\/p>\n<p>&nbsp;<\/p>\n","protected":false},"excerpt":{"rendered":"<p>Lister der Erfolge aller Sch\u00fcler*innen an den europ\u00e4ischen Wissenschaftsolympiaden SJ 2021\/22 Mathematik (Bern) Bronze &#8211; Jerry Schupp, G2C SJ 2018\/19 Physik Honorable Mention &#8211; Ram\u00f3n Buchenberger, G4C SJ 2013\/14 Mathematik Bronze &#8211; David Rusch, G2E Honorable Mention &#8211; Henning Zhang, G1A Teilnehmer &#8211; Jan Zehnder,&#8230;<\/p>\n","protected":false},"author":16,"featured_media":0,"parent":0,"menu_order":0,"comment_status":"closed","ping_status":"closed","template":"","meta":{"footnotes":""},"class_list":["post-548","page","type-page","status-publish","hentry"],"_links":{"self":[{"href":"https:\/\/fs.kswe.ch\/bgf\/wp-json\/wp\/v2\/pages\/548","targetHints":{"allow":["GET"]}}],"collection":[{"href":"https:\/\/fs.kswe.ch\/bgf\/wp-json\/wp\/v2\/pages"}],"about":[{"href":"https:\/\/fs.kswe.ch\/bgf\/wp-json\/wp\/v2\/types\/page"}],"author":[{"embeddable":true,"href":"https:\/\/fs.kswe.ch\/bgf\/wp-json\/wp\/v2\/users\/16"}],"replies":[{"embeddable":true,"href":"https:\/\/fs.kswe.ch\/bgf\/wp-json\/wp\/v2\/comments?post=548"}],"version-history":[{"count":12,"href":"https:\/\/fs.kswe.ch\/bgf\/wp-json\/wp\/v2\/pages\/548\/revisions"}],"predecessor-version":[{"id":730,"href":"https:\/\/fs.kswe.ch\/bgf\/wp-json\/wp\/v2\/pages\/548\/revisions\/730"}],"wp:attachment":[{"href":"https:\/\/fs.kswe.ch\/bgf\/wp-json\/wp\/v2\/media?parent=548"}],"curies":[{"name":"wp","href":"https:\/\/api.w.org\/{rel}","templated":true}]}}