{"id":505,"date":"2019-04-24T19:19:59","date_gmt":"2019-04-24T17:19:59","guid":{"rendered":"https:\/\/fs.kswe.ch\/bgf\/?page_id=505"},"modified":"2019-04-24T20:23:29","modified_gmt":"2019-04-24T18:23:29","slug":"ecriture-creative-preparation-au-pija-vorbereitung-zur-teilnahme-am-interregionalen-schreibwettbewerb-pija","status":"publish","type":"page","link":"https:\/\/fs.kswe.ch\/bgf\/ecriture-creative-preparation-au-pija-vorbereitung-zur-teilnahme-am-interregionalen-schreibwettbewerb-pija\/","title":{"rendered":"Ecriture cr\u00e9ative &#8211; pr\u00e9paration au PIJA \/ Vorbereitung zur Teilnahme am interregionalen Schreibwettbewerb PIJA"},"content":{"rendered":"<p><strong>Ecriture cr\u00e9ative &#8211; pr\u00e9paration au PIJA \/ Vorbereitung zur Teilnahme am interregionalen Schreibwettbewerb PIJA<\/strong><\/p>\n<p>&nbsp;<\/p>\n<p>Sch\u00fcler*innen, die eine Affinit\u00e4t zur franz\u00f6sischen Sprache und Literatur haben und im Unterricht auffallen durch \u00fcberdurchschnittlich gute Beitr\u00e4ge, sowohl inhaltlich wie auch sprachlich-formal, erhalten im Kurs die M\u00f6glichkeit, ihre Begabung weiter zu entwickeln. Die Sch\u00fcler*innen lernen anhand ausgesuchter Texte verschiedene Genres und Schreibstile kennen, erhalten einen Einf\u00fchrung in Rhetorik, sch\u00e4rfen ihre Gedanken in der Auseinandersetzung mit philosophischen und gesellschaftlichen Themen und verfassen ihre Eigenen Texte. Der Kurs erm\u00f6glicht begabten Sch\u00fcler*innen ein Eintauchen in die frankophone Welt, eine intensive Auseinandersetzung mit Sprache und Kutlur der frankophonen Gesellschaft, wie dies im normalen Unterricht nicht m\u00f6glich ist. Die Sch\u00fcler*innen werden dazu ermutigt und dabei unterst\u00fctzt, besonders gelungene Texte am Wettbewerb Prix Interr\u00e9gional de Jeunes Auteurs (PIJA) einzureichen. Der PIJA bietet jungen Autoren und Autorinnen eine Plattform, die Texte zu ver\u00f6ffentlichen. Der Kurs fiindet 14 t\u00e4glich statt. Dazwischen verfassen und \u00fcberarbeiten die SuS ihre Texte.<\/p>\n<p>&nbsp;<\/p>\n<p><strong>Lehrpersonen:<\/strong> ?<\/p>\n<p><strong>Aufwand:<\/strong> alle 2 Wochen w\u00e4hrend des ganzen akademischen Jahres<\/p>\n","protected":false},"excerpt":{"rendered":"<p>Ecriture cr\u00e9ative &#8211; pr\u00e9paration au PIJA \/ Vorbereitung zur Teilnahme am interregionalen Schreibwettbewerb PIJA &nbsp; Sch\u00fcler*innen, die eine Affinit\u00e4t zur franz\u00f6sischen Sprache und Literatur haben und im Unterricht auffallen durch \u00fcberdurchschnittlich gute Beitr\u00e4ge, sowohl inhaltlich wie auch sprachlich-formal, erhalten im Kurs die M\u00f6glichkeit, ihre Begabung&#8230;<\/p>\n","protected":false},"author":16,"featured_media":0,"parent":0,"menu_order":0,"comment_status":"closed","ping_status":"closed","template":"","meta":{"footnotes":""},"class_list":["post-505","page","type-page","status-publish","hentry"],"_links":{"self":[{"href":"https:\/\/fs.kswe.ch\/bgf\/wp-json\/wp\/v2\/pages\/505","targetHints":{"allow":["GET"]}}],"collection":[{"href":"https:\/\/fs.kswe.ch\/bgf\/wp-json\/wp\/v2\/pages"}],"about":[{"href":"https:\/\/fs.kswe.ch\/bgf\/wp-json\/wp\/v2\/types\/page"}],"author":[{"embeddable":true,"href":"https:\/\/fs.kswe.ch\/bgf\/wp-json\/wp\/v2\/users\/16"}],"replies":[{"embeddable":true,"href":"https:\/\/fs.kswe.ch\/bgf\/wp-json\/wp\/v2\/comments?post=505"}],"version-history":[{"count":2,"href":"https:\/\/fs.kswe.ch\/bgf\/wp-json\/wp\/v2\/pages\/505\/revisions"}],"predecessor-version":[{"id":517,"href":"https:\/\/fs.kswe.ch\/bgf\/wp-json\/wp\/v2\/pages\/505\/revisions\/517"}],"wp:attachment":[{"href":"https:\/\/fs.kswe.ch\/bgf\/wp-json\/wp\/v2\/media?parent=505"}],"curies":[{"name":"wp","href":"https:\/\/api.w.org\/{rel}","templated":true}]}}