{"id":503,"date":"2019-04-24T19:18:05","date_gmt":"2019-04-24T17:18:05","guid":{"rendered":"https:\/\/fs.kswe.ch\/bgf\/?page_id=503"},"modified":"2023-02-15T13:24:15","modified_gmt":"2023-02-15T12:24:15","slug":"cours-dalf-c1","status":"publish","type":"page","link":"https:\/\/fs.kswe.ch\/bgf\/cours-dalf-c1\/","title":{"rendered":"Cours DALF C1"},"content":{"rendered":"<p><strong>Cours DALF C1<\/strong><\/p>\n<p>&nbsp;<\/p>\n<p>Vorbereitung auf die Sprachzertifikatspr\u00fcfung DALF C1. Der Kurs bereitet gezielt auf die anspruchsvolle Pr\u00fcfung C1 vor. Er behandelt alle geforderterten Kompetenzen, f\u00f6rdert und \u00fcbt den stilsicheren, differenzierten Ausdruck. Die Sch\u00fcler*innen erreichen mit dem Kurs ein muttersprachliches Niveau, das sie bef\u00e4higt, sich gewandt in einer frankophonen Gesellschaft zu bewegen. Der Kurs richtet sich an besonders sprachbegabte, hochmotivierte SuS. Er findet 14-t\u00e4glich statt. In der Zwischenzeit machen die SuS Aufgaben (Schreibaufgaben, H\u00f6rverst\u00e4ndnis).<\/p>\n<p>&nbsp;<\/p>\n<p><strong>Lehrpersonen:<\/strong> V\u00e9ronique Berthod<\/p>\n<p><strong>Aufwand:<\/strong> eine Lektion pro Wochen jeweils von M\u00e4rz her ein ganzes Jahr<\/p>\n","protected":false},"excerpt":{"rendered":"<p>Cours DALF C1 &nbsp; Vorbereitung auf die Sprachzertifikatspr\u00fcfung DALF C1. Der Kurs bereitet gezielt auf die anspruchsvolle Pr\u00fcfung C1 vor. Er behandelt alle geforderterten Kompetenzen, f\u00f6rdert und \u00fcbt den stilsicheren, differenzierten Ausdruck. Die Sch\u00fcler*innen erreichen mit dem Kurs ein muttersprachliches Niveau, das sie bef\u00e4higt, sich&#8230;<\/p>\n","protected":false},"author":16,"featured_media":0,"parent":0,"menu_order":0,"comment_status":"closed","ping_status":"closed","template":"","meta":{"footnotes":""},"class_list":["post-503","page","type-page","status-publish","hentry"],"_links":{"self":[{"href":"https:\/\/fs.kswe.ch\/bgf\/wp-json\/wp\/v2\/pages\/503","targetHints":{"allow":["GET"]}}],"collection":[{"href":"https:\/\/fs.kswe.ch\/bgf\/wp-json\/wp\/v2\/pages"}],"about":[{"href":"https:\/\/fs.kswe.ch\/bgf\/wp-json\/wp\/v2\/types\/page"}],"author":[{"embeddable":true,"href":"https:\/\/fs.kswe.ch\/bgf\/wp-json\/wp\/v2\/users\/16"}],"replies":[{"embeddable":true,"href":"https:\/\/fs.kswe.ch\/bgf\/wp-json\/wp\/v2\/comments?post=503"}],"version-history":[{"count":4,"href":"https:\/\/fs.kswe.ch\/bgf\/wp-json\/wp\/v2\/pages\/503\/revisions"}],"predecessor-version":[{"id":738,"href":"https:\/\/fs.kswe.ch\/bgf\/wp-json\/wp\/v2\/pages\/503\/revisions\/738"}],"wp:attachment":[{"href":"https:\/\/fs.kswe.ch\/bgf\/wp-json\/wp\/v2\/media?parent=503"}],"curies":[{"name":"wp","href":"https:\/\/api.w.org\/{rel}","templated":true}]}}