{"id":501,"date":"2019-04-24T19:14:13","date_gmt":"2019-04-24T17:14:13","guid":{"rendered":"https:\/\/fs.kswe.ch\/bgf\/?page_id=501"},"modified":"2025-02-16T09:47:06","modified_gmt":"2025-02-16T08:47:06","slug":"vorbereitungskurs-schule-fuer-gestaltung","status":"publish","type":"page","link":"https:\/\/fs.kswe.ch\/bgf\/vorbereitungskurs-schule-fuer-gestaltung\/","title":{"rendered":"&#8222;Maris Stella&#8220; Vorbereitungskurs Schule f\u00fcr Gestaltung"},"content":{"rendered":"<p><strong>Vorbereitungskurs Schule f\u00fcr Gestaltung <\/strong><\/p>\n<p><strong>Pr\u00fcfungsvorbereitung zur Aufnahme an einen gestalterischen Vorkurs und zur Fachmatur Gestaltung an der Schule f\u00fcr Gestaltung in Aarau<\/strong><\/p>\n<p>Die Sch\u00fclerinnen und Sch\u00fcler werden auf die Pr\u00fcfungen an Schulen\/Hochschulen f\u00fcr Gestaltung und Kunst vorbereitet. Sie haben die M\u00f6glichkeit, eigene gestalterische F\u00e4higkeiten zu erweitern sowie eine Mappe oder ein Portfolio zusammenzustellen. Informationen \u00fcber verschiedene Gestalterschulen und Studienrichtungen werden vermittelt und Kontakte zu Hochschulen hergestellt. Wiederum werden wir Fachpersonen und Dozenten f\u00fcr Informationen oder Workshops vor Ort einladen.<br \/>\nDer Kurs bietet FMS-Sch\u00fclerInnen M\u00f6glichkeiten zur Vorbereitung f\u00fcr die Aufnahmepr\u00fcfung ins Prop\u00e4deutikum, das sie mit der Fachmatur Gestaltung abschliessen k\u00f6nnen.<\/p>\n<p>Gestalterisch interessierte Sch\u00fcler*innen finden in unserem Kurs Informationen zu Schulen und Hochschulen f\u00fcr Gestaltung und Kunst sowie deren Aufnahmeverfahren. Schon vor den Sommerferien besuchen wir die Mappenpr\u00e4sentation des Vorkurses in Basel. Es werden weitere Besuche an andern Schulen folgen.<\/p>\n<p>Dieser Kurs findet jeweils im 1. Semester statt. Anmelden k\u00f6nnen sich Sch\u00fclerinnen und Sch\u00fcler der zuk\u00fcnftigen Abschlussklassen sowohl der FMS als auch des Gymnasiums per Mail bei Corina Jent oder Marian Beck oder m\u00fcndlich bei ihrer big-LP.<\/p>\n<p>&nbsp;<\/p>\n<p><strong>Lehrpersonen:<\/strong> Corina Jent und Marian Beck<\/p>\n<p><strong>Aufwand:<\/strong> zwei Lektionen w\u00f6chentlich im ersten Quartal des akademischen Jahres<\/p>\n<p>&nbsp;<\/p>\n<p><strong>Stimmen von Sch\u00fcler*innen:<\/strong><\/p>\n<blockquote><p>\u201cIn dem Maris Stella hatte ich die M\u00f6glichkeit mich kritisch und differenziert mit verschiedenen Medien auseinanderzusetzen. Neben dem praktischen Teil, wurden wir auch gut \u00fcber m\u00f6gliche Wege im Bereich Kunst informiert. Es ist ein abwechslungsreicher Kurs unter toller Leitung.\u201c (Marianne Simmen G4I, 2018)<\/p>\n<p>&nbsp;<\/p>\n<p>\u201cDer Stella Maris Kurs war eine tolle M\u00f6glichkeit, mich zus\u00e4tzlich mit Kunst zu besch\u00e4ftigen und Neues zu lernen. Ausserdem bekamen wir einen pers\u00f6nlichen Einblick in unterschiedliche Studienrichtungen, was mir sehr bei der Bewerbung f\u00fcr eine Kunsthochschule weiterhalf. Ich kann diesen Kurs jedem empfehlen, der sich f\u00fcr Kunst interessiert.\u201c (Samira Isler G4I, 2018)<\/p><\/blockquote>\n<p>&nbsp;<\/p>\n","protected":false},"excerpt":{"rendered":"<p>Vorbereitungskurs Schule f\u00fcr Gestaltung Pr\u00fcfungsvorbereitung zur Aufnahme an einen gestalterischen Vorkurs und zur Fachmatur Gestaltung an der Schule f\u00fcr Gestaltung in Aarau Die Sch\u00fclerinnen und Sch\u00fcler werden auf die Pr\u00fcfungen an Schulen\/Hochschulen f\u00fcr Gestaltung und Kunst vorbereitet. Sie haben die M\u00f6glichkeit, eigene gestalterische F\u00e4higkeiten zu&#8230;<\/p>\n","protected":false},"author":16,"featured_media":0,"parent":0,"menu_order":0,"comment_status":"closed","ping_status":"closed","template":"","meta":{"footnotes":""},"class_list":["post-501","page","type-page","status-publish","hentry"],"_links":{"self":[{"href":"https:\/\/fs.kswe.ch\/bgf\/wp-json\/wp\/v2\/pages\/501","targetHints":{"allow":["GET"]}}],"collection":[{"href":"https:\/\/fs.kswe.ch\/bgf\/wp-json\/wp\/v2\/pages"}],"about":[{"href":"https:\/\/fs.kswe.ch\/bgf\/wp-json\/wp\/v2\/types\/page"}],"author":[{"embeddable":true,"href":"https:\/\/fs.kswe.ch\/bgf\/wp-json\/wp\/v2\/users\/16"}],"replies":[{"embeddable":true,"href":"https:\/\/fs.kswe.ch\/bgf\/wp-json\/wp\/v2\/comments?post=501"}],"version-history":[{"count":9,"href":"https:\/\/fs.kswe.ch\/bgf\/wp-json\/wp\/v2\/pages\/501\/revisions"}],"predecessor-version":[{"id":803,"href":"https:\/\/fs.kswe.ch\/bgf\/wp-json\/wp\/v2\/pages\/501\/revisions\/803"}],"wp:attachment":[{"href":"https:\/\/fs.kswe.ch\/bgf\/wp-json\/wp\/v2\/media?parent=501"}],"curies":[{"name":"wp","href":"https:\/\/api.w.org\/{rel}","templated":true}]}}