{"id":499,"date":"2019-04-24T19:11:47","date_gmt":"2019-04-24T17:11:47","guid":{"rendered":"https:\/\/fs.kswe.ch\/bgf\/?page_id=499"},"modified":"2023-04-03T10:40:52","modified_gmt":"2023-04-03T08:40:52","slug":"vorbereitung-physik-olympiade","status":"publish","type":"page","link":"https:\/\/fs.kswe.ch\/bgf\/vorbereitung-physik-olympiade\/","title":{"rendered":"Vorbereitung Wissenschaftsolympiade Physik"},"content":{"rendered":"<p><strong>Vorbereitung Wissenschaftsolympiade Physik<br \/>\n<\/strong><\/p>\n<p>&nbsp;<\/p>\n<p>Vorbereitung auf die Physik-Olympiade. Erg\u00e4nzungen zu Themen, welche in unserem Curriculum nicht enthalten ist, wohl aber f\u00fcr die Olympiade erwartet werden. Training in Bezug auf die Aufgabenstellungen an der Olympiade, welche umfangreicher, komplexer und vielschichtiger sind, als was im regul\u00e4ren Schulunterricht (auch Schwerpunktfach) gemacht wird. \u00dcbungen bei der Durchf\u00fchrung von Experimenten.<\/p>\n<p>&nbsp;<\/p>\n<p>Lehrperson: Maria Samaras<\/p>\n<p>Aufwand: w\u00f6chentlich w\u00e4hrend des ganzen akademischen Jahres<\/p>\n","protected":false},"excerpt":{"rendered":"<p>Vorbereitung Wissenschaftsolympiade Physik &nbsp; Vorbereitung auf die Physik-Olympiade. Erg\u00e4nzungen zu Themen, welche in unserem Curriculum nicht enthalten ist, wohl aber f\u00fcr die Olympiade erwartet werden. Training in Bezug auf die Aufgabenstellungen an der Olympiade, welche umfangreicher, komplexer und vielschichtiger sind, als was im regul\u00e4ren Schulunterricht&#8230;<\/p>\n","protected":false},"author":16,"featured_media":0,"parent":0,"menu_order":0,"comment_status":"closed","ping_status":"closed","template":"","meta":{"footnotes":""},"class_list":["post-499","page","type-page","status-publish","hentry"],"_links":{"self":[{"href":"https:\/\/fs.kswe.ch\/bgf\/wp-json\/wp\/v2\/pages\/499","targetHints":{"allow":["GET"]}}],"collection":[{"href":"https:\/\/fs.kswe.ch\/bgf\/wp-json\/wp\/v2\/pages"}],"about":[{"href":"https:\/\/fs.kswe.ch\/bgf\/wp-json\/wp\/v2\/types\/page"}],"author":[{"embeddable":true,"href":"https:\/\/fs.kswe.ch\/bgf\/wp-json\/wp\/v2\/users\/16"}],"replies":[{"embeddable":true,"href":"https:\/\/fs.kswe.ch\/bgf\/wp-json\/wp\/v2\/comments?post=499"}],"version-history":[{"count":5,"href":"https:\/\/fs.kswe.ch\/bgf\/wp-json\/wp\/v2\/pages\/499\/revisions"}],"predecessor-version":[{"id":748,"href":"https:\/\/fs.kswe.ch\/bgf\/wp-json\/wp\/v2\/pages\/499\/revisions\/748"}],"wp:attachment":[{"href":"https:\/\/fs.kswe.ch\/bgf\/wp-json\/wp\/v2\/media?parent=499"}],"curies":[{"name":"wp","href":"https:\/\/api.w.org\/{rel}","templated":true}]}}