{"id":479,"date":"2019-04-24T18:56:07","date_gmt":"2019-04-24T16:56:07","guid":{"rendered":"https:\/\/fs.kswe.ch\/bgf\/?page_id=479"},"modified":"2019-04-25T14:01:01","modified_gmt":"2019-04-25T12:01:01","slug":"vorbereitung-wissenschaftsolympiade-chemie","status":"publish","type":"page","link":"https:\/\/fs.kswe.ch\/bgf\/vorbereitung-wissenschaftsolympiade-chemie\/","title":{"rendered":"Vorbereitung Wissenschaftsolympiade Chemie"},"content":{"rendered":"<p><strong>Vorbereitung Wissenschaftsolympiade Chemie<\/strong><\/p>\n<p>Vorbereitung auf die schweizerische Chemieolympiade. Erg\u00e4nzungen von Schulstoff, die in unserem Curriculum nicht enthalten ist, wohl aber f\u00fcr die Olympiade erwartet werden. Dieser Kurs eignet sich f\u00fcr Sch\u00fcler*innen, welche eine schnelle Auffassungsgabe in Chemie haben, im Grundlagenfach mehr wissen wollen als ihre Mitsch\u00fcler*innen und bereit sind zu Hause f\u00fcr diesen Kurs Unterrichtsmaterialien vorzubereiten.<\/p>\n<p>&nbsp;<\/p>\n<p><strong>Lehrperson:<\/strong> Manon Haag<\/p>\n<p><strong>Aufwand:<\/strong> w\u00f6chentlich jeweils April-Oktober<\/p>\n<p><strong>Sch\u00fclerstimme:<\/strong><\/p>\n<blockquote><p>Zuerst hatte mich meine Chemielehrerin einfach \u00fcberredet, doch einmal an der 1. Runde der Chemieolympiade teilzunehmen. Dank einem kleinen, sehr interessanten Vorbereitungskurs an der KSWE ging es kurz darauf an die Zentralpr\u00fcfung in Bern, wo aber nicht nur gepr\u00fcft wurde: Uns wurden einige eindr\u00fcckliche Vortr\u00e4ge gehalten, z.B. neue Erkenntnisse zur Funktion eines Proteins. Nach einer \u2013 \u00fcbrigens f\u00fcr alle Teilnehmer \u2013 sehr fordernden Pr\u00fcfung glaubten alle, bereits ausgeschieden zu sein, aber offenbar gen\u00fcgten educated guessing und wenige komplett gel\u00f6ste Aufgaben um weiterzukommen.<\/p>\n<p>Dann folgte der vergn\u00fcgliche Teil: W\u00e4hrend drei Tagen praktischer Vorbereitung an der EPFL in Lausanne synthetisierten wir knallige Azofarbstoffe, aber auch Arzneimittel oder f\u00fchrten pH- und Redoxtitrationen durch. Weil wir jetzt nur noch f\u00fcnfzehn Leute waren, konnten wir uns auch besser kennenlernen, verbrachten Zeit in der Stadt, tourten die EPFL und hatten \u00abspassige\u00bb Abende in der Jugi\u2026 \u00c4hnliche zwei Tage verbrachten wir etwa 2 Monate sp\u00e4ter nochmals in Z\u00fcrich, dieses Mal jedoch mit theoretischem Unterricht anstatt Praxis an der Uni Z\u00fcrich.<\/p>\n<p>Zum Abschluss verbrachten wir eine ganze Woche an der ETH in Z\u00fcrich, erneut mit Theorie, Labor und Vortr\u00e4gen, welche interessante Einblicke in aktuelle Forschungsgebiete gaben. Nach der fast ganzt\u00e4gigen Schlusspr\u00fcfung mit Theorie- und Laborteil am Freitag, von der zumindest der Theorieteil \u00abauch f\u00fcr ETH-Studenten schwierig\u00bb war, und einem feinen Abendessen zusammen, wurde am Samstag sogar eine Schlussfeier mit Medaillen-Zeremonie und Ap\u00e9ro durchgef\u00fchrt.<\/p>\n<p>Obwohl ich zu Beginn z\u00f6gerte, lohnte sich die Teilnahme unglaublich. Neben neuen Kollegen erhielten wir Einblicke in aktuelle Forschung, konnten Laborerfahrung sammeln und Universit\u00e4ten erleben. Man darf sich nur nicht von den \u00fcberw\u00e4ltigenden Pr\u00fcfungen abschrecken lassen, diese machen nur einen winzigen Teil aus. Eigentlich steht im Vordergrund, neues Wissen und Erfahrungen zu sammeln. Solange einen Chemie interessiert und man drei Wochenenden und eine Woche Schule entbehren kann, unbedingt teilnehmen! Zus\u00e4tzliche Zeit zum Lernen auf die Pr\u00fcfungen ist nicht wirklich n\u00f6tig. Und: Das alles ist kostenlos.<\/p>\n<p>(Simon Bolt, G3F, 2017)<\/p><\/blockquote>\n<p>&nbsp;<\/p>\n<p><strong>Manon Haag<\/strong><\/p>\n<p>Ich heisse Manon Haag und leite den Maris Stella Kurs f\u00fcr die Vorbereitung an die schweizerische<img fetchpriority=\"high\" decoding=\"async\" class=\"size-medium wp-image-571 alignright\" src=\"https:\/\/fs.kswe.ch\/bgf\/wp-content\/uploads\/sites\/13\/2019\/04\/Manon-238x300.jpg\" alt=\"\" width=\"238\" height=\"300\" srcset=\"https:\/\/fs.kswe.ch\/bgf\/wp-content\/uploads\/sites\/13\/2019\/04\/Manon-238x300.jpg 238w, https:\/\/fs.kswe.ch\/bgf\/wp-content\/uploads\/sites\/13\/2019\/04\/Manon.jpg 545w\" sizes=\"(max-width: 238px) 100vw, 238px\" \/> Chemieolympiade seit es dieses Programm an der KSWE gibt. Zur Begabtenf\u00f6rderung bin ich durch einen Sch\u00fcler gekommen, der mich in der Pause st\u00e4ndig mit Chemiefragen auf Hochschulniveau durchl\u00f6cherte. Dieser Sch\u00fcler gewann dann auch an der Schweizerischen Chemieolympiade ein Ticket nach Taiwan um die Schweiz zusammen mit drei weiteren Gef\u00e4hrten international zu vertreten. Seit dieser Zeit bereite ich chemiebegeisterte Sch\u00fcler*innen in einem halbj\u00e4hrigen Kurs auf die schweizerische Chemieolympiade vor.<\/p>\n<p>Selbstverst\u00e4ndlich ist dies auch f\u00fcr mich spannend und eine Bereicherung, gleichzeitig ist es ebenfalls f\u00fcr die Sch\u00fcler*innen toll in einer Gruppe gleichgesinnter zu lernen. Es ist eine Tatsache, dass gewisse Sch\u00fcler*innen im einen oder anderen Fach eine besondere Begabung haben und da tut es denen gut einen Lernstoff auch mal mit einem h\u00f6heren Tempo zu bearbeiten.<\/p>\n<p>Ich freue mich auf viele weitere spannende Kurse.<\/p>\n","protected":false},"excerpt":{"rendered":"<p>Vorbereitung Wissenschaftsolympiade Chemie Vorbereitung auf die schweizerische Chemieolympiade. Erg\u00e4nzungen von Schulstoff, die in unserem Curriculum nicht enthalten ist, wohl aber f\u00fcr die Olympiade erwartet werden. Dieser Kurs eignet sich f\u00fcr Sch\u00fcler*innen, welche eine schnelle Auffassungsgabe in Chemie haben, im Grundlagenfach mehr wissen wollen als ihre&#8230;<\/p>\n","protected":false},"author":16,"featured_media":0,"parent":0,"menu_order":0,"comment_status":"closed","ping_status":"closed","template":"","meta":{"footnotes":""},"class_list":["post-479","page","type-page","status-publish","hentry"],"_links":{"self":[{"href":"https:\/\/fs.kswe.ch\/bgf\/wp-json\/wp\/v2\/pages\/479","targetHints":{"allow":["GET"]}}],"collection":[{"href":"https:\/\/fs.kswe.ch\/bgf\/wp-json\/wp\/v2\/pages"}],"about":[{"href":"https:\/\/fs.kswe.ch\/bgf\/wp-json\/wp\/v2\/types\/page"}],"author":[{"embeddable":true,"href":"https:\/\/fs.kswe.ch\/bgf\/wp-json\/wp\/v2\/users\/16"}],"replies":[{"embeddable":true,"href":"https:\/\/fs.kswe.ch\/bgf\/wp-json\/wp\/v2\/comments?post=479"}],"version-history":[{"count":7,"href":"https:\/\/fs.kswe.ch\/bgf\/wp-json\/wp\/v2\/pages\/479\/revisions"}],"predecessor-version":[{"id":590,"href":"https:\/\/fs.kswe.ch\/bgf\/wp-json\/wp\/v2\/pages\/479\/revisions\/590"}],"wp:attachment":[{"href":"https:\/\/fs.kswe.ch\/bgf\/wp-json\/wp\/v2\/media?parent=479"}],"curies":[{"name":"wp","href":"https:\/\/api.w.org\/{rel}","templated":true}]}}