{"id":477,"date":"2019-04-24T18:46:49","date_gmt":"2019-04-24T16:46:49","guid":{"rendered":"https:\/\/fs.kswe.ch\/bgf\/?page_id=477"},"modified":"2021-03-23T08:52:52","modified_gmt":"2021-03-23T07:52:52","slug":"debattier-team","status":"publish","type":"page","link":"https:\/\/fs.kswe.ch\/bgf\/debattier-team\/","title":{"rendered":"Debattier Team"},"content":{"rendered":"<p><strong>Debattier Team<\/strong><\/p>\n<p>&nbsp;<\/p>\n<p>Die Sch\u00fcler*innen lernen im Debattier Club der KSWE Pro- und Kontra-Argumente zu verschiedenen Themen aus ethischer, wirtschaftlicher, \u00f6kologischer und gesellschaftlicher Perspektive eloquent einzusetzen und erfolgreich verschiedene Standpunkte zu vertreten nebst der eigenen Meinung. Methodisch aufgebaut lernen sie \u00fcber kontroverse Themen sprachlich geschliffene Debatten zu f\u00fchren, den \u201eGegner\u201c zu respektieren und nach gutem Zuh\u00f6ren die eigene Seite gekonnt zu verteidigen. Alle zwei Jahre bietet sich den Sch\u00fcler*innen auch die M\u00f6glichkeit am Jugend Debattiert Wettbewerb teilzunehmen.<\/p>\n<p>&nbsp;<\/p>\n<p><strong>Lehrpersonen:<\/strong> Thomas Forster &amp; Sara Nyffenegger<\/p>\n<p><strong>Aufwand:<\/strong> eine Lektion pro Woche, ganzes Schuljahr<\/p>\n<p>Mehr Informationen zum <strong>Wettbewerb <\/strong><a href=\"https:\/\/yes.swiss\/programme\/jugend-debattiert\">Schweizer Jugend Debattiert<\/a>.<\/p>\n<p>&nbsp;<\/p>\n<p><strong><img fetchpriority=\"high\" decoding=\"async\" class=\"size-medium wp-image-632 alignright\" src=\"https:\/\/fs.kswe.ch\/bgf\/wp-content\/uploads\/sites\/13\/2020\/01\/Debate-Team-300x257.jpg\" alt=\"\" width=\"300\" height=\"257\" srcset=\"https:\/\/fs.kswe.ch\/bgf\/wp-content\/uploads\/sites\/13\/2020\/01\/Debate-Team-300x257.jpg 300w, https:\/\/fs.kswe.ch\/bgf\/wp-content\/uploads\/sites\/13\/2020\/01\/Debate-Team-768x657.jpg 768w, https:\/\/fs.kswe.ch\/bgf\/wp-content\/uploads\/sites\/13\/2020\/01\/Debate-Team-700x599.jpg 700w, https:\/\/fs.kswe.ch\/bgf\/wp-content\/uploads\/sites\/13\/2020\/01\/Debate-Team-351x300.jpg 351w, https:\/\/fs.kswe.ch\/bgf\/wp-content\/uploads\/sites\/13\/2020\/01\/Debate-Team-1800x1539.jpg 1800w, https:\/\/fs.kswe.ch\/bgf\/wp-content\/uploads\/sites\/13\/2020\/01\/Debate-Team-1100x941.jpg 1100w\" sizes=\"(max-width: 300px) 100vw, 300px\" \/><\/strong><\/p>\n<p><strong>Sch\u00fclerstimm<\/strong><strong>en:<\/strong><\/p>\n<blockquote><p>&#8222;Ich besuche den Debattierclub, weil ich mich gerne mit Anderen \u00fcber kritische Themen austausche. Der Debattierclub erm\u00f6glicht dies in regelm\u00e4ssigen Abst\u00e4nden und die Gespr\u00e4chspartner sind dabei meist gut informiert. Ausserdem zwingt mich der Debattierclub, mich \u00fcber neue Themen zu informieren, mit denen ich mich ansonsten wohl kaum auseinandergesetzt h\u00e4tte und zeigt mir Problematiken auf, die mir v\u00f6llig unklar waren. Weiter wurde immer gen\u00fcgend Freiraum gelassen, um eigene Vorschl\u00e4ge f\u00fcr Debatten zu bringen. Besonders Spass macht es allerdings, dass man einer Rolle zugewiesen wird, somit immer eine Rolle einnimmt und ein wenig schauspielern muss. Sich in die Gegenseite zu versetzen erweitert den eigenen Horizont und es hilft, besser seine eigene Meinung zu erkl\u00e4ren und eine Thematik wirklich zu verstehen.&#8220; &#8211; Lukas Hertel, Fr\u00fchjahr 2019<\/p><\/blockquote>\n<p>(<strong>Debattier Team der KSWE im Januar 2020: <\/strong>Hintere Reihe von links: Salome Bachmann (G3A), Nick Steiner (G4E), Felix Meierhofer (G4C), Pia F\u00f6rster (G3A) \/ Vordere Reihe von links: Lorena Reusser (G4C), Debora Sekinger (G2B) \/ Nicht im Bild: Philip Hertel (G2F), Isaak Hartmann (G4B))<\/p>\n","protected":false},"excerpt":{"rendered":"<p>Debattier Team &nbsp; Die Sch\u00fcler*innen lernen im Debattier Club der KSWE Pro- und Kontra-Argumente zu verschiedenen Themen aus ethischer, wirtschaftlicher, \u00f6kologischer und gesellschaftlicher Perspektive eloquent einzusetzen und erfolgreich verschiedene Standpunkte zu vertreten nebst der eigenen Meinung. Methodisch aufgebaut lernen sie \u00fcber kontroverse Themen sprachlich geschliffene&#8230;<\/p>\n","protected":false},"author":16,"featured_media":0,"parent":0,"menu_order":0,"comment_status":"closed","ping_status":"closed","template":"","meta":{"footnotes":""},"class_list":["post-477","page","type-page","status-publish","hentry"],"_links":{"self":[{"href":"https:\/\/fs.kswe.ch\/bgf\/wp-json\/wp\/v2\/pages\/477","targetHints":{"allow":["GET"]}}],"collection":[{"href":"https:\/\/fs.kswe.ch\/bgf\/wp-json\/wp\/v2\/pages"}],"about":[{"href":"https:\/\/fs.kswe.ch\/bgf\/wp-json\/wp\/v2\/types\/page"}],"author":[{"embeddable":true,"href":"https:\/\/fs.kswe.ch\/bgf\/wp-json\/wp\/v2\/users\/16"}],"replies":[{"embeddable":true,"href":"https:\/\/fs.kswe.ch\/bgf\/wp-json\/wp\/v2\/comments?post=477"}],"version-history":[{"count":11,"href":"https:\/\/fs.kswe.ch\/bgf\/wp-json\/wp\/v2\/pages\/477\/revisions"}],"predecessor-version":[{"id":668,"href":"https:\/\/fs.kswe.ch\/bgf\/wp-json\/wp\/v2\/pages\/477\/revisions\/668"}],"wp:attachment":[{"href":"https:\/\/fs.kswe.ch\/bgf\/wp-json\/wp\/v2\/media?parent=477"}],"curies":[{"name":"wp","href":"https:\/\/api.w.org\/{rel}","templated":true}]}}